{"id":2082,"date":"2025-07-17T16:02:22","date_gmt":"2025-07-17T14:02:22","guid":{"rendered":"https:\/\/biome-besancon.umlp.fr\/?page_id=2082"},"modified":"2025-12-03T10:50:17","modified_gmt":"2025-12-03T09:50:17","slug":"mentions-legales","status":"publish","type":"page","link":"https:\/\/biome-besancon.umlp.fr\/?page_id=2082","title":{"rendered":"Mentions l\u00e9gales"},"content":{"rendered":"\t\t<div data-elementor-type=\"wp-page\" data-elementor-id=\"2082\" class=\"elementor elementor-2082\">\n\t\t\t\t<div class=\"elementor-element elementor-element-7859cd90 e-flex e-con-boxed e-con e-parent\" data-id=\"7859cd90\" data-element_type=\"container\" data-e-type=\"container\">\n\t\t\t\t\t<div class=\"e-con-inner\">\n\t\t<div class=\"elementor-element elementor-element-547438e4 e-con-full e-flex e-con e-child\" data-id=\"547438e4\" data-element_type=\"container\" data-e-type=\"container\">\n\t\t\t\t<div class=\"elementor-element elementor-element-269d82a4 elementor-widget elementor-widget-heading\" data-id=\"269d82a4\" data-element_type=\"widget\" data-e-type=\"widget\" data-widget_type=\"heading.default\">\n\t\t\t\t<div class=\"elementor-widget-container\">\n\t\t\t\t\t<h2 class=\"elementor-heading-title elementor-size-default\">Mentions l\u00e9gales<\/h2>\t\t\t\t<\/div>\n\t\t\t\t<\/div>\n\t\t\t\t<div class=\"elementor-element elementor-element-a3e5d5b elementor-widget-divider--view-line elementor-widget elementor-widget-divider\" data-id=\"a3e5d5b\" data-element_type=\"widget\" data-e-type=\"widget\" data-widget_type=\"divider.default\">\n\t\t\t\t<div class=\"elementor-widget-container\">\n\t\t\t\t\t\t\t<div class=\"elementor-divider\">\n\t\t\t<span class=\"elementor-divider-separator\">\n\t\t\t\t\t\t<\/span>\n\t\t<\/div>\n\t\t\t\t\t\t<\/div>\n\t\t\t\t<\/div>\n\t\t\t\t<div class=\"elementor-element elementor-element-78a188a elementor-widget elementor-widget-heading\" data-id=\"78a188a\" data-element_type=\"widget\" data-e-type=\"widget\" data-widget_type=\"heading.default\">\n\t\t\t\t<div class=\"elementor-widget-container\">\n\t\t\t\t\t<h3 class=\"elementor-heading-title elementor-size-default\">Directeur de la publication<\/h3>\t\t\t\t<\/div>\n\t\t\t\t<\/div>\n\t\t\t\t<div class=\"elementor-element elementor-element-21eb5786 elementor-widget elementor-widget-text-editor\" data-id=\"21eb5786\" data-element_type=\"widget\" data-e-type=\"widget\" data-widget_type=\"text-editor.default\">\n\t\t\t\t<div class=\"elementor-widget-container\">\n\t\t\t\t\t\t\t\t\t<p>Hugues Daussy, pr\u00e9sident de l\u2019Universit\u00e9<\/p><p>Universit\u00e9 Marie et Louis Pasteur<\/p><p>1 rue Claude Goudimel<\/p><p>25030 Besan\u00e7on cedex<\/p>\t\t\t\t\t\t\t\t<\/div>\n\t\t\t\t<\/div>\n\t\t\t\t<\/div>\n\t\t<div class=\"elementor-element elementor-element-8b2c28d e-con-full e-flex e-con e-child\" data-id=\"8b2c28d\" data-element_type=\"container\" data-e-type=\"container\">\n\t\t\t\t<div class=\"elementor-element elementor-element-e23b818 elementor-widget elementor-widget-heading\" data-id=\"e23b818\" data-element_type=\"widget\" data-e-type=\"widget\" data-widget_type=\"heading.default\">\n\t\t\t\t<div class=\"elementor-widget-container\">\n\t\t\t\t\t<h3 class=\"elementor-heading-title elementor-size-default\">H\u00e9bergement du site<\/h3>\t\t\t\t<\/div>\n\t\t\t\t<\/div>\n\t\t\t\t<div class=\"elementor-element elementor-element-d601a3b elementor-widget elementor-widget-text-editor\" data-id=\"d601a3b\" data-element_type=\"widget\" data-e-type=\"widget\" data-widget_type=\"text-editor.default\">\n\t\t\t\t<div class=\"elementor-widget-container\">\n\t\t\t\t\t\t\t\t\t<p class=\"p1\">Direction des syst\u00e8mes d&rsquo;information et du num\u00e9rique (DSIN) de l\u2019UMLP : <a href=\"mailto:webmaster-dsin@univ-fcomte.fr\"><span class=\"s1\">webmaster-<\/span>dsin@univ-fcomte.fr<\/a><\/p>\t\t\t\t\t\t\t\t<\/div>\n\t\t\t\t<\/div>\n\t\t\t\t<\/div>\n\t\t<div class=\"elementor-element elementor-element-150df83 e-con-full e-flex e-con e-child\" data-id=\"150df83\" data-element_type=\"container\" data-e-type=\"container\">\n\t\t\t\t<div class=\"elementor-element elementor-element-ddd0520 elementor-widget elementor-widget-heading\" data-id=\"ddd0520\" data-element_type=\"widget\" data-e-type=\"widget\" data-widget_type=\"heading.default\">\n\t\t\t\t<div class=\"elementor-widget-container\">\n\t\t\t\t\t<h3 class=\"elementor-heading-title elementor-size-default\">Gestion du site<\/h3>\t\t\t\t<\/div>\n\t\t\t\t<\/div>\n\t\t\t\t<div class=\"elementor-element elementor-element-abb499c elementor-widget elementor-widget-text-editor\" data-id=\"abb499c\" data-element_type=\"widget\" data-e-type=\"widget\" data-widget_type=\"text-editor.default\">\n\t\t\t\t<div class=\"elementor-widget-container\">\n\t\t\t\t\t\t\t\t\t<p class=\"p1\">Direction de la communication de l\u2019UMPL : <a href=\"mailto:webmaster@univ-fcomte.fr\"><span class=\"s1\">webmaster@univ-fcomte.fr<\/span><\/a><\/p>\t\t\t\t\t\t\t\t<\/div>\n\t\t\t\t<\/div>\n\t\t\t\t<\/div>\n\t\t<div class=\"elementor-element elementor-element-ffe3160 e-con-full e-flex e-con e-child\" data-id=\"ffe3160\" data-element_type=\"container\" data-e-type=\"container\">\n\t\t\t\t<div class=\"elementor-element elementor-element-27f2396 elementor-widget elementor-widget-heading\" data-id=\"27f2396\" data-element_type=\"widget\" data-e-type=\"widget\" data-widget_type=\"heading.default\">\n\t\t\t\t<div class=\"elementor-widget-container\">\n\t\t\t\t\t<h3 class=\"elementor-heading-title elementor-size-default\">Conception et r\u00e9alisation du site<\/h3>\t\t\t\t<\/div>\n\t\t\t\t<\/div>\n\t\t\t\t<div class=\"elementor-element elementor-element-2b51ccd elementor-widget elementor-widget-text-editor\" data-id=\"2b51ccd\" data-element_type=\"widget\" data-e-type=\"widget\" data-widget_type=\"text-editor.default\">\n\t\t\t\t<div class=\"elementor-widget-container\">\n\t\t\t\t\t\t\t\t\t<p class=\"p1\">Contenus : direction de la communication de l\u2019UMLP<\/p>\t\t\t\t\t\t\t\t<\/div>\n\t\t\t\t<\/div>\n\t\t\t\t<\/div>\n\t\t<div class=\"elementor-element elementor-element-8f7f75f e-con-full e-flex e-con e-child\" data-id=\"8f7f75f\" data-element_type=\"container\" data-e-type=\"container\">\n\t\t\t\t<div class=\"elementor-element elementor-element-9f772ac elementor-widget elementor-widget-heading\" data-id=\"9f772ac\" data-element_type=\"widget\" data-e-type=\"widget\" data-widget_type=\"heading.default\">\n\t\t\t\t<div class=\"elementor-widget-container\">\n\t\t\t\t\t<h3 class=\"elementor-heading-title elementor-size-default\">Propri\u00e9t\u00e9 intellectuelle<\/h3>\t\t\t\t<\/div>\n\t\t\t\t<\/div>\n\t\t\t\t<div class=\"elementor-element elementor-element-5317192 elementor-widget elementor-widget-text-editor\" data-id=\"5317192\" data-element_type=\"widget\" data-e-type=\"widget\" data-widget_type=\"text-editor.default\">\n\t\t\t\t<div class=\"elementor-widget-container\">\n\t\t\t\t\t\t\t\t\t<p>L&rsquo;ensemble de ce site est la propri\u00e9t\u00e9 exclusive de l\u2019UMLP. Il rel\u00e8ve de la l\u00e9gislation fran\u00e7aise et internationale sur la propri\u00e9t\u00e9 intellectuelle, en particulier le droit d&rsquo;auteur. Tous les droits de reproduction et de repr\u00e9sentation sont r\u00e9serv\u00e9s, y compris pour les documents t\u00e9l\u00e9chargeables et les repr\u00e9sentations iconographiques et photographiques.<\/p><p>La reproduction de tout ou partie de ce site sur un support \u00e9lectronique quel qu&rsquo;il soit est formellement interdite sauf autorisation expresse des ayants-droits. Le cas \u00e9ch\u00e9ant, la mention de l\u2019auteur et la citation de la source par un lien direct vers la page de l\u2019article en question sont indispensables.<\/p><p>La reproduction et la repr\u00e9sentation des textes de ce site sur un support papier sont autoris\u00e9es sous respect des trois conditions suivantes :<\/p><ul><li>gratuit\u00e9 de la diffusion ;<\/li><li>respect de l&rsquo;int\u00e9grit\u00e9 des documents reproduits ;<\/li><li>citation claire et lisible de la source sous la forme suivante : \u00ab Ce document provient du site de l&rsquo;UMLP. Les droits de reproduction et de repr\u00e9sentation sont r\u00e9serv\u00e9s conform\u00e9ment aux indications mentionn\u00e9es sur <a href=\"https:\/\/biome-besancon.umlp.fr\/?page_id=2082\">https:\/\/biome-besancon.umlp.fr\/?page_id=2082<\/a>\u00bb<\/li><\/ul>\t\t\t\t\t\t\t\t<\/div>\n\t\t\t\t<\/div>\n\t\t\t\t<\/div>\n\t\t<div class=\"elementor-element elementor-element-52c8722 e-con-full e-flex e-con e-child\" data-id=\"52c8722\" data-element_type=\"container\" data-e-type=\"container\">\n\t\t\t\t<div class=\"elementor-element elementor-element-f1dc987 elementor-widget elementor-widget-heading\" data-id=\"f1dc987\" data-element_type=\"widget\" data-e-type=\"widget\" data-widget_type=\"heading.default\">\n\t\t\t\t<div class=\"elementor-widget-container\">\n\t\t\t\t\t<h3 class=\"elementor-heading-title elementor-size-default\">Mise en garde g\u00e9n\u00e9rale<\/h3>\t\t\t\t<\/div>\n\t\t\t\t<\/div>\n\t\t\t\t<div class=\"elementor-element elementor-element-84c3451 elementor-widget elementor-widget-text-editor\" data-id=\"84c3451\" data-element_type=\"widget\" data-e-type=\"widget\" data-widget_type=\"text-editor.default\">\n\t\t\t\t<div class=\"elementor-widget-container\">\n\t\t\t\t\t\t\t\t\t<p>L\u2019UMLP met tout en \u0153uvre pour offrir aux visiteurs de ce site des informations fiables et v\u00e9rifi\u00e9es. Cependant, malgr\u00e9 tous les soins apport\u00e9s, le site peut comporter des inexactitudes, des d\u00e9fauts de mise \u00e0 jour ou des erreurs. Ils peuvent \u00eatre signal\u00e9s \u00e0 l\u2019adresse : <a href=\"mailto:webmaster@univ-fcomte.fr\">webmaster@univ-fcomte.fr <\/a><\/p><p>Copyright<\/p><p>Les photographies, images et illustrations pr\u00e9sentes sur ce site sont la propri\u00e9t\u00e9 de l\u2019UMLP, elles peuvent provenir de banques d\u2019images libres de droits telles que Canva, Unsplash, Pexels, Pixabay, conform\u00e9ment \u00e0 leurs conditions d&rsquo;utilisation. Les autres cr\u00e9dits photo sont sp\u00e9cifi\u00e9s dans le corps des pages. Toute reproduction, utilisation ou modification de ces visuels est strictement interdite sans l\u2019autorisation pr\u00e9alable de leur auteur ou ayant droit. Pour toute demande relative \u00e0 l\u2019utilisation d\u2019un visuel, veuillez contacter <a href=\"mailto:communication@univ-fcomte.fr\">communication@univ-fcomte.fr<\/a><\/p>\t\t\t\t\t\t\t\t<\/div>\n\t\t\t\t<\/div>\n\t\t\t\t<\/div>\n\t\t<div class=\"elementor-element elementor-element-54a8158 e-con-full e-flex e-con e-child\" data-id=\"54a8158\" data-element_type=\"container\" data-e-type=\"container\">\n\t\t\t\t<div class=\"elementor-element elementor-element-5f1a393 elementor-widget elementor-widget-heading\" data-id=\"5f1a393\" data-element_type=\"widget\" data-e-type=\"widget\" data-widget_type=\"heading.default\">\n\t\t\t\t<div class=\"elementor-widget-container\">\n\t\t\t\t\t<h3 class=\"elementor-heading-title elementor-size-default\">Cr\u00e9dit photos<\/h3>\t\t\t\t<\/div>\n\t\t\t\t<\/div>\n\t\t\t\t<div class=\"elementor-element elementor-element-4bc2942 elementor-widget elementor-widget-text-editor\" data-id=\"4bc2942\" data-element_type=\"widget\" data-e-type=\"widget\" data-widget_type=\"text-editor.default\">\n\t\t\t\t<div class=\"elementor-widget-container\">\n\t\t\t\t\t\t\t\t\t<p>-Nicolas Waltefaugle<\/p><p>-R\u00e9mi Meyer<\/p><p>-Samuel Coulon<\/p><p>-Amasplit et Rikykiwy<\/p><p>-SSAC Universit\u00e9 Marie et Louis Pasteur<\/p>\t\t\t\t\t\t\t\t<\/div>\n\t\t\t\t<\/div>\n\t\t\t\t<\/div>\n\t\t\t\t\t<\/div>\n\t\t\t\t<\/div>\n\t\t\t\t<\/div>\n\t\t","protected":false},"excerpt":{"rendered":"<p>Mentions l\u00e9gales Directeur de la publication Hugues Daussy, pr\u00e9sident de l\u2019Universit\u00e9 Universit\u00e9 Marie et Louis Pasteur 1 rue Claude Goudimel 25030 Besan\u00e7on cedex H\u00e9bergement du site Direction des syst\u00e8mes d&rsquo;information et du num\u00e9rique (DSIN) de l\u2019UMLP : webmaster-dsin@univ-fcomte.fr Gestion du site Direction de la communication de l\u2019UMPL : webmaster@univ-fcomte.fr Conception et r\u00e9alisation du site Contenus [&hellip;]<\/p>\n","protected":false},"author":1,"featured_media":0,"parent":0,"menu_order":0,"comment_status":"closed","ping_status":"closed","template":"","meta":{"footnotes":""},"class_list":["post-2082","page","type-page","status-publish","hentry"],"yoast_head":"<!-- This site is optimized with the Yoast SEO plugin v27.3 - https:\/\/yoast.com\/product\/yoast-seo-wordpress\/ -->\n<title>Mentions l\u00e9gales - BIOME<\/title>\n<meta name=\"robots\" content=\"index, follow, max-snippet:-1, max-image-preview:large, max-video-preview:-1\" \/>\n<link rel=\"canonical\" href=\"https:\/\/biome-besancon.umlp.fr\/?page_id=2082\" \/>\n<meta property=\"og:locale\" content=\"fr_FR\" \/>\n<meta property=\"og:type\" content=\"article\" \/>\n<meta property=\"og:title\" content=\"Mentions l\u00e9gales - BIOME\" \/>\n<meta property=\"og:description\" content=\"Mentions l\u00e9gales Directeur de la publication Hugues Daussy, pr\u00e9sident de l\u2019Universit\u00e9 Universit\u00e9 Marie et Louis Pasteur 1 rue Claude Goudimel 25030 Besan\u00e7on cedex H\u00e9bergement du site Direction des syst\u00e8mes d&rsquo;information et du num\u00e9rique (DSIN) de l\u2019UMLP : webmaster-dsin@univ-fcomte.fr Gestion du site Direction de la communication de l\u2019UMPL : webmaster@univ-fcomte.fr Conception et r\u00e9alisation du site Contenus [&hellip;]\" \/>\n<meta property=\"og:url\" content=\"https:\/\/biome-besancon.umlp.fr\/?page_id=2082\" \/>\n<meta property=\"og:site_name\" content=\"BIOME\" \/>\n<meta property=\"article:modified_time\" content=\"2025-12-03T09:50:17+00:00\" \/>\n<meta name=\"twitter:card\" content=\"summary_large_image\" \/>\n<meta name=\"twitter:label1\" content=\"Dur\u00e9e de lecture estim\u00e9e\" \/>\n\t<meta name=\"twitter:data1\" content=\"2 minutes\" \/>\n<script type=\"application\/ld+json\" class=\"yoast-schema-graph\">{\"@context\":\"https:\\\/\\\/schema.org\",\"@graph\":[{\"@type\":\"WebPage\",\"@id\":\"https:\\\/\\\/biome-besancon.umlp.fr\\\/?page_id=2082\",\"url\":\"https:\\\/\\\/biome-besancon.umlp.fr\\\/?page_id=2082\",\"name\":\"Mentions l\u00e9gales - BIOME\",\"isPartOf\":{\"@id\":\"https:\\\/\\\/biome-besancon.umlp.fr\\\/#website\"},\"datePublished\":\"2025-07-17T14:02:22+00:00\",\"dateModified\":\"2025-12-03T09:50:17+00:00\",\"breadcrumb\":{\"@id\":\"https:\\\/\\\/biome-besancon.umlp.fr\\\/?page_id=2082#breadcrumb\"},\"inLanguage\":\"fr-FR\",\"potentialAction\":[{\"@type\":\"ReadAction\",\"target\":[\"https:\\\/\\\/biome-besancon.umlp.fr\\\/?page_id=2082\"]}]},{\"@type\":\"BreadcrumbList\",\"@id\":\"https:\\\/\\\/biome-besancon.umlp.fr\\\/?page_id=2082#breadcrumb\",\"itemListElement\":[{\"@type\":\"ListItem\",\"position\":1,\"name\":\"Accueil\",\"item\":\"https:\\\/\\\/biome-besancon.umlp.fr\\\/\"},{\"@type\":\"ListItem\",\"position\":2,\"name\":\"Mentions l\u00e9gales\"}]},{\"@type\":\"WebSite\",\"@id\":\"https:\\\/\\\/biome-besancon.umlp.fr\\\/#website\",\"url\":\"https:\\\/\\\/biome-besancon.umlp.fr\\\/\",\"name\":\"BIOME\",\"description\":\"\",\"publisher\":{\"@id\":\"https:\\\/\\\/biome-besancon.umlp.fr\\\/#organization\"},\"potentialAction\":[{\"@type\":\"SearchAction\",\"target\":{\"@type\":\"EntryPoint\",\"urlTemplate\":\"https:\\\/\\\/biome-besancon.umlp.fr\\\/?s={search_term_string}\"},\"query-input\":{\"@type\":\"PropertyValueSpecification\",\"valueRequired\":true,\"valueName\":\"search_term_string\"}}],\"inLanguage\":\"fr-FR\"},{\"@type\":\"Organization\",\"@id\":\"https:\\\/\\\/biome-besancon.umlp.fr\\\/#organization\",\"name\":\"BIOME\",\"url\":\"https:\\\/\\\/biome-besancon.umlp.fr\\\/\",\"logo\":{\"@type\":\"ImageObject\",\"inLanguage\":\"fr-FR\",\"@id\":\"https:\\\/\\\/biome-besancon.umlp.fr\\\/#\\\/schema\\\/logo\\\/image\\\/\",\"url\":\"https:\\\/\\\/biome-besancon.umlp.fr\\\/wp-content\\\/uploads\\\/2025\\\/07\\\/BIOME-LOGO-BLEU-scaled.png\",\"contentUrl\":\"https:\\\/\\\/biome-besancon.umlp.fr\\\/wp-content\\\/uploads\\\/2025\\\/07\\\/BIOME-LOGO-BLEU-scaled.png\",\"width\":2560,\"height\":755,\"caption\":\"BIOME\"},\"image\":{\"@id\":\"https:\\\/\\\/biome-besancon.umlp.fr\\\/#\\\/schema\\\/logo\\\/image\\\/\"}}]}<\/script>\n<!-- \/ Yoast SEO plugin. -->","yoast_head_json":{"title":"Mentions l\u00e9gales - BIOME","robots":{"index":"index","follow":"follow","max-snippet":"max-snippet:-1","max-image-preview":"max-image-preview:large","max-video-preview":"max-video-preview:-1"},"canonical":"https:\/\/biome-besancon.umlp.fr\/?page_id=2082","og_locale":"fr_FR","og_type":"article","og_title":"Mentions l\u00e9gales - BIOME","og_description":"Mentions l\u00e9gales Directeur de la publication Hugues Daussy, pr\u00e9sident de l\u2019Universit\u00e9 Universit\u00e9 Marie et Louis Pasteur 1 rue Claude Goudimel 25030 Besan\u00e7on cedex H\u00e9bergement du site Direction des syst\u00e8mes d&rsquo;information et du num\u00e9rique (DSIN) de l\u2019UMLP : webmaster-dsin@univ-fcomte.fr Gestion du site Direction de la communication de l\u2019UMPL : webmaster@univ-fcomte.fr Conception et r\u00e9alisation du site Contenus [&hellip;]","og_url":"https:\/\/biome-besancon.umlp.fr\/?page_id=2082","og_site_name":"BIOME","article_modified_time":"2025-12-03T09:50:17+00:00","twitter_card":"summary_large_image","twitter_misc":{"Dur\u00e9e de lecture estim\u00e9e":"2 minutes"},"schema":{"@context":"https:\/\/schema.org","@graph":[{"@type":"WebPage","@id":"https:\/\/biome-besancon.umlp.fr\/?page_id=2082","url":"https:\/\/biome-besancon.umlp.fr\/?page_id=2082","name":"Mentions l\u00e9gales - BIOME","isPartOf":{"@id":"https:\/\/biome-besancon.umlp.fr\/#website"},"datePublished":"2025-07-17T14:02:22+00:00","dateModified":"2025-12-03T09:50:17+00:00","breadcrumb":{"@id":"https:\/\/biome-besancon.umlp.fr\/?page_id=2082#breadcrumb"},"inLanguage":"fr-FR","potentialAction":[{"@type":"ReadAction","target":["https:\/\/biome-besancon.umlp.fr\/?page_id=2082"]}]},{"@type":"BreadcrumbList","@id":"https:\/\/biome-besancon.umlp.fr\/?page_id=2082#breadcrumb","itemListElement":[{"@type":"ListItem","position":1,"name":"Accueil","item":"https:\/\/biome-besancon.umlp.fr\/"},{"@type":"ListItem","position":2,"name":"Mentions l\u00e9gales"}]},{"@type":"WebSite","@id":"https:\/\/biome-besancon.umlp.fr\/#website","url":"https:\/\/biome-besancon.umlp.fr\/","name":"BIOME","description":"","publisher":{"@id":"https:\/\/biome-besancon.umlp.fr\/#organization"},"potentialAction":[{"@type":"SearchAction","target":{"@type":"EntryPoint","urlTemplate":"https:\/\/biome-besancon.umlp.fr\/?s={search_term_string}"},"query-input":{"@type":"PropertyValueSpecification","valueRequired":true,"valueName":"search_term_string"}}],"inLanguage":"fr-FR"},{"@type":"Organization","@id":"https:\/\/biome-besancon.umlp.fr\/#organization","name":"BIOME","url":"https:\/\/biome-besancon.umlp.fr\/","logo":{"@type":"ImageObject","inLanguage":"fr-FR","@id":"https:\/\/biome-besancon.umlp.fr\/#\/schema\/logo\/image\/","url":"https:\/\/biome-besancon.umlp.fr\/wp-content\/uploads\/2025\/07\/BIOME-LOGO-BLEU-scaled.png","contentUrl":"https:\/\/biome-besancon.umlp.fr\/wp-content\/uploads\/2025\/07\/BIOME-LOGO-BLEU-scaled.png","width":2560,"height":755,"caption":"BIOME"},"image":{"@id":"https:\/\/biome-besancon.umlp.fr\/#\/schema\/logo\/image\/"}}]}},"publishpress_future_action":{"enabled":false,"date":"2026-05-17 07:39:27","action":"change-status","newStatus":"draft","terms":[],"taxonomy":"","extraData":[]},"publishpress_future_workflow_manual_trigger":{"enabledWorkflows":[]},"_links":{"self":[{"href":"https:\/\/biome-besancon.umlp.fr\/index.php?rest_route=\/wp\/v2\/pages\/2082","targetHints":{"allow":["GET"]}}],"collection":[{"href":"https:\/\/biome-besancon.umlp.fr\/index.php?rest_route=\/wp\/v2\/pages"}],"about":[{"href":"https:\/\/biome-besancon.umlp.fr\/index.php?rest_route=\/wp\/v2\/types\/page"}],"author":[{"embeddable":true,"href":"https:\/\/biome-besancon.umlp.fr\/index.php?rest_route=\/wp\/v2\/users\/1"}],"replies":[{"embeddable":true,"href":"https:\/\/biome-besancon.umlp.fr\/index.php?rest_route=%2Fwp%2Fv2%2Fcomments&post=2082"}],"version-history":[{"count":22,"href":"https:\/\/biome-besancon.umlp.fr\/index.php?rest_route=\/wp\/v2\/pages\/2082\/revisions"}],"predecessor-version":[{"id":2917,"href":"https:\/\/biome-besancon.umlp.fr\/index.php?rest_route=\/wp\/v2\/pages\/2082\/revisions\/2917"}],"wp:attachment":[{"href":"https:\/\/biome-besancon.umlp.fr\/index.php?rest_route=%2Fwp%2Fv2%2Fmedia&parent=2082"}],"curies":[{"name":"wp","href":"https:\/\/api.w.org\/{rel}","templated":true}]}}