{"id":493,"date":"2025-07-07T15:50:02","date_gmt":"2025-07-07T13:50:02","guid":{"rendered":"https:\/\/biome-besancon.umlp.fr\/?page_id=493"},"modified":"2025-07-21T15:45:07","modified_gmt":"2025-07-21T13:45:07","slug":"jardin","status":"publish","type":"page","link":"https:\/\/biome-besancon.umlp.fr\/?page_id=493","title":{"rendered":"JARDIN"},"content":{"rendered":"\t\t<div data-elementor-type=\"wp-page\" data-elementor-id=\"493\" class=\"elementor elementor-493\">\n\t\t\t\t<div class=\"elementor-element elementor-element-d11b5c7 e-flex e-con-boxed e-con e-parent\" data-id=\"d11b5c7\" data-element_type=\"container\" data-e-type=\"container\" data-settings=\"{&quot;background_background&quot;:&quot;slideshow&quot;,&quot;background_slideshow_gallery&quot;:[],&quot;background_slideshow_loop&quot;:&quot;yes&quot;,&quot;background_slideshow_slide_duration&quot;:5000,&quot;background_slideshow_slide_transition&quot;:&quot;fade&quot;,&quot;background_slideshow_transition_duration&quot;:500}\">\n\t\t\t\t\t<div class=\"e-con-inner\">\n\t\t<div class=\"elementor-element elementor-element-2c13138 e-flex e-con-boxed e-con e-child\" data-id=\"2c13138\" data-element_type=\"container\" data-e-type=\"container\" data-settings=\"{&quot;background_background&quot;:&quot;slideshow&quot;,&quot;background_slideshow_gallery&quot;:[{&quot;id&quot;:496,&quot;url&quot;:&quot;https:\\\/\\\/biome-besancon.umlp.fr\\\/wp-content\\\/uploads\\\/2025\\\/07\\\/biome-15-scaled.jpg&quot;}],&quot;background_slideshow_loop&quot;:&quot;yes&quot;,&quot;background_slideshow_slide_duration&quot;:5000,&quot;background_slideshow_slide_transition&quot;:&quot;fade&quot;,&quot;background_slideshow_transition_duration&quot;:500}\">\n\t\t\t\t\t<div class=\"e-con-inner\">\n\t\t\t\t<div class=\"elementor-element elementor-element-759b12d elementor-widget elementor-widget-heading\" data-id=\"759b12d\" data-element_type=\"widget\" data-e-type=\"widget\" data-widget_type=\"heading.default\">\n\t\t\t\t<div class=\"elementor-widget-container\">\n\t\t\t\t\t<h2 class=\"elementor-heading-title elementor-size-default\">Jardin <\/h2>\t\t\t\t<\/div>\n\t\t\t\t<\/div>\n\t\t\t\t<div class=\"elementor-element elementor-element-178b484 elementor-widget elementor-widget-text-editor\" data-id=\"178b484\" data-element_type=\"widget\" data-e-type=\"widget\" data-widget_type=\"text-editor.default\">\n\t\t\t\t<div class=\"elementor-widget-container\">\n\t\t\t\t\t\t\t\t\t<p>Espace de d\u00e9ambulations botaniques,<\/p>\t\t\t\t\t\t\t\t<\/div>\n\t\t\t\t<\/div>\n\t\t\t\t<div class=\"elementor-element elementor-element-f96ebbc elementor-widget elementor-widget-text-editor\" data-id=\"f96ebbc\" data-element_type=\"widget\" data-e-type=\"widget\" data-widget_type=\"text-editor.default\">\n\t\t\t\t<div class=\"elementor-widget-container\">\n\t\t\t\t\t\t\t\t\t<p>en ext\u00e9rieur, m\u00ealant d\u00e9tente, observation et apprentissage.<\/p>\t\t\t\t\t\t\t\t<\/div>\n\t\t\t\t<\/div>\n\t\t\t\t\t<\/div>\n\t\t\t\t<\/div>\n\t\t\t\t\t<\/div>\n\t\t\t\t<\/div>\n\t\t<div class=\"elementor-element elementor-element-99d7ff2 e-flex e-con-boxed e-con e-parent\" data-id=\"99d7ff2\" data-element_type=\"container\" data-e-type=\"container\">\n\t\t\t\t\t<div class=\"e-con-inner\">\n\t\t<div class=\"elementor-element elementor-element-05abb98 e-con-full e-flex e-con e-child\" data-id=\"05abb98\" data-element_type=\"container\" data-e-type=\"container\">\n\t\t\t\t<div class=\"elementor-element elementor-element-406456f elementor-widget elementor-widget-heading\" data-id=\"406456f\" data-element_type=\"widget\" data-e-type=\"widget\" data-widget_type=\"heading.default\">\n\t\t\t\t<div class=\"elementor-widget-container\">\n\t\t\t\t\t<h4 class=\"elementor-heading-title elementor-size-default\">Vous pouvez arpenter plusieurs secteurs en ext\u00e9rieur :<\/h4>\t\t\t\t<\/div>\n\t\t\t\t<\/div>\n\t\t\t\t<div class=\"elementor-element elementor-element-c9665dd elementor-widget elementor-widget-text-editor\" data-id=\"c9665dd\" data-element_type=\"widget\" data-e-type=\"widget\" data-widget_type=\"text-editor.default\">\n\t\t\t\t<div class=\"elementor-widget-container\">\n\t\t\t\t\t\t\t\t\t<p><strong>Une collection Plantes et Soci\u00e9t\u00e9s &#8211; Une rocaille \u00e0 roches siliceuses &#8211; Une rocaille de roches calcaires &#8211; un parcelle sensible &#8211; Une tourbi\u00e8re jurassienne &#8211; Un arboretum &#8211; Des circuits de divagation<\/strong><\/p>\t\t\t\t\t\t\t\t<\/div>\n\t\t\t\t<\/div>\n\t\t\t\t<div class=\"elementor-element elementor-element-c7bb678 elementor-widget elementor-widget-text-editor\" data-id=\"c7bb678\" data-element_type=\"widget\" data-e-type=\"widget\" data-widget_type=\"text-editor.default\">\n\t\t\t\t<div class=\"elementor-widget-container\">\n\t\t\t\t\t\t\t\t\t<p>Le jardin botanique propose toute l\u2019ann\u00e9e des collections ext\u00e9rieures am\u00e9nag\u00e9es en th\u00e9matiques de plantes ext\u00e9rieures du monde entier, ainsi que des circuits th\u00e9matiques permanents ou temporaires \u00e0 d\u00e9couvrir sur place. Le jardin est libre d\u2019acc\u00e8s, id\u00e9al pour fl\u00e2ner, explorer le monde des plantes, d\u00e9jeuner ou simplement se reposer.<\/p>\t\t\t\t\t\t\t\t<\/div>\n\t\t\t\t<\/div>\n\t\t\t\t<div class=\"elementor-element elementor-element-1527faa elementor-widget elementor-widget-heading\" data-id=\"1527faa\" data-element_type=\"widget\" data-e-type=\"widget\" data-widget_type=\"heading.default\">\n\t\t\t\t<div class=\"elementor-widget-container\">\n\t\t\t\t\t<h5 class=\"elementor-heading-title elementor-size-default\">COLLECTIONS BOTANIQUES<\/h5>\t\t\t\t<\/div>\n\t\t\t\t<\/div>\n\t\t\t\t<div class=\"elementor-element elementor-element-4fdb777 elementor-widget elementor-widget-text-editor\" data-id=\"4fdb777\" data-element_type=\"widget\" data-e-type=\"widget\" data-widget_type=\"text-editor.default\">\n\t\t\t\t<div class=\"elementor-widget-container\">\n\t\t\t\t\t\t\t\t\t<p style=\"font-weight: 400;\">Le jardin botanique est constitu\u00e9 de plusieurs parcelles de collections th\u00e9matiques botaniques sur environ 1 hectare. Vous pourrez d\u00e9couvrir des reconstitutions d\u2019\u00e9cosyst\u00e8mes naturels et une grande diversit\u00e9 de plantes des montagnes de nombreuses r\u00e9gions du monde \u00e0 climat temp\u00e9r\u00e9. Vous serez invit\u00e9s \u00e0 explorer les liens tiss\u00e9s entre les diverses soci\u00e9t\u00e9s humaines et les plantes \u00e0 travers les continents. Diverses autres collections pour la sant\u00e9, esth\u00e9tiques ou ornementales sont \u00e9galement visibles et agr\u00e9mentent les lieux.<\/p>\t\t\t\t\t\t\t\t<\/div>\n\t\t\t\t<\/div>\n\t\t\t\t<div class=\"elementor-element elementor-element-4e22f7d elementor-widget elementor-widget-heading\" data-id=\"4e22f7d\" data-element_type=\"widget\" data-e-type=\"widget\" data-widget_type=\"heading.default\">\n\t\t\t\t<div class=\"elementor-widget-container\">\n\t\t\t\t\t<h5 class=\"elementor-heading-title elementor-size-default\">CAMPUS ARBORETUM<\/h5>\t\t\t\t<\/div>\n\t\t\t\t<\/div>\n\t\t\t\t<div class=\"elementor-element elementor-element-0a89ddc elementor-widget elementor-widget-text-editor\" data-id=\"0a89ddc\" data-element_type=\"widget\" data-e-type=\"widget\" data-widget_type=\"text-editor.default\">\n\t\t\t\t<div class=\"elementor-widget-container\">\n\t\t\t\t\t\t\t\t\t<p style=\"font-weight: 400;\">De nombreuses plantations d\u2019arbres et d\u2019arbustes indig\u00e8nes et exotiques ont \u00e9t\u00e9 r\u00e9alis\u00e9es afin de vous faire d\u00e9couvrir les grandes plantes des for\u00eats temp\u00e9r\u00e9es du monde. Le campus favorise \u00e9galement les zones de boisements semi-naturels spontan\u00e9s, dont certains sont g\u00e9r\u00e9s et d\u2019autres laiss\u00e9s en libre \u00e9volution afin de favoriser la biodiversit\u00e9 urbaine. Un arboretum central est situ\u00e9 dans le parc du jardin botanique. Les chemins arbor\u00e9s du reste du campus vous invitent \u00e0 poursuivre votre d\u00e9couverte \u00e0 plus large \u00e9chelle sur la Bouloie.<\/p>\t\t\t\t\t\t\t\t<\/div>\n\t\t\t\t<\/div>\n\t\t\t\t<div class=\"elementor-element elementor-element-61f5ddb elementor-hidden-desktop elementor-hidden-tablet elementor-widget-divider--view-line elementor-widget elementor-widget-divider\" data-id=\"61f5ddb\" data-element_type=\"widget\" data-e-type=\"widget\" data-widget_type=\"divider.default\">\n\t\t\t\t<div class=\"elementor-widget-container\">\n\t\t\t\t\t\t\t<div class=\"elementor-divider\">\n\t\t\t<span class=\"elementor-divider-separator\">\n\t\t\t\t\t\t<\/span>\n\t\t<\/div>\n\t\t\t\t\t\t<\/div>\n\t\t\t\t<\/div>\n\t\t\t\t<\/div>\n\t\t<div class=\"elementor-element elementor-element-0ada662 e-con-full e-flex e-con e-child\" data-id=\"0ada662\" data-element_type=\"container\" data-e-type=\"container\">\n\t\t\t\t<div class=\"elementor-element elementor-element-ae9e72d elementor-widget elementor-widget-heading\" data-id=\"ae9e72d\" data-element_type=\"widget\" data-e-type=\"widget\" data-widget_type=\"heading.default\">\n\t\t\t\t<div class=\"elementor-widget-container\">\n\t\t\t\t\t<h4 class=\"elementor-heading-title elementor-size-default\">Ouverture :<\/h4>\t\t\t\t<\/div>\n\t\t\t\t<\/div>\n\t\t\t\t<div class=\"elementor-element elementor-element-7102b0a elementor-widget elementor-widget-text-editor\" data-id=\"7102b0a\" data-element_type=\"widget\" data-e-type=\"widget\" data-widget_type=\"text-editor.default\">\n\t\t\t\t<div class=\"elementor-widget-container\">\n\t\t\t\t\t\t\t\t\t<p style=\"font-weight: 400;\">Tous les jours de l\u2019aube \u00e0 l\u2019aurore<\/p><p><span style=\"font-weight: 400;\">Visite libre &#8211; Entr\u00e9e gratuite.<\/span><\/p>\t\t\t\t\t\t\t\t<\/div>\n\t\t\t\t<\/div>\n\t\t\t\t<div class=\"elementor-element elementor-element-cf4554f elementor-widget elementor-widget-text-editor\" data-id=\"cf4554f\" data-element_type=\"widget\" data-e-type=\"widget\" data-widget_type=\"text-editor.default\">\n\t\t\t\t<div class=\"elementor-widget-container\">\n\t\t\t\t\t\t\t\t\t<p>16 Route de Gray<\/p><p>25000 BESAN\u00c7ON<\/p>\t\t\t\t\t\t\t\t<\/div>\n\t\t\t\t<\/div>\n\t\t\t\t<\/div>\n\t\t\t\t\t<\/div>\n\t\t\t\t<\/div>\n\t\t\t\t<\/div>\n\t\t","protected":false},"excerpt":{"rendered":"<p>Jardin Espace de d\u00e9ambulations botaniques, en ext\u00e9rieur, m\u00ealant d\u00e9tente, observation et apprentissage. Vous pouvez arpenter plusieurs secteurs en ext\u00e9rieur : Une collection Plantes et Soci\u00e9t\u00e9s &#8211; Une rocaille \u00e0 roches siliceuses &#8211; Une rocaille de roches calcaires &#8211; un parcelle sensible &#8211; Une tourbi\u00e8re jurassienne &#8211; Un arboretum &#8211; Des circuits de divagation Le jardin [&hellip;]<\/p>\n","protected":false},"author":1,"featured_media":0,"parent":0,"menu_order":0,"comment_status":"closed","ping_status":"closed","template":"","meta":{"footnotes":""},"class_list":["post-493","page","type-page","status-publish","hentry"],"yoast_head":"<!-- This site is optimized with the Yoast SEO plugin v27.3 - https:\/\/yoast.com\/product\/yoast-seo-wordpress\/ -->\n<title>JARDIN - BIOME<\/title>\n<meta name=\"robots\" content=\"index, follow, max-snippet:-1, max-image-preview:large, max-video-preview:-1\" \/>\n<link rel=\"canonical\" href=\"https:\/\/biome-besancon.umlp.fr\/?page_id=493\" \/>\n<meta property=\"og:locale\" content=\"fr_FR\" \/>\n<meta property=\"og:type\" content=\"article\" \/>\n<meta property=\"og:title\" content=\"JARDIN - BIOME\" \/>\n<meta property=\"og:description\" content=\"Jardin Espace de d\u00e9ambulations botaniques, en ext\u00e9rieur, m\u00ealant d\u00e9tente, observation et apprentissage. Vous pouvez arpenter plusieurs secteurs en ext\u00e9rieur : Une collection Plantes et Soci\u00e9t\u00e9s &#8211; Une rocaille \u00e0 roches siliceuses &#8211; Une rocaille de roches calcaires &#8211; un parcelle sensible &#8211; Une tourbi\u00e8re jurassienne &#8211; Un arboretum &#8211; Des circuits de divagation Le jardin [&hellip;]\" \/>\n<meta property=\"og:url\" content=\"https:\/\/biome-besancon.umlp.fr\/?page_id=493\" \/>\n<meta property=\"og:site_name\" content=\"BIOME\" \/>\n<meta property=\"article:modified_time\" content=\"2025-07-21T13:45:07+00:00\" \/>\n<meta name=\"twitter:card\" content=\"summary_large_image\" \/>\n<meta name=\"twitter:label1\" content=\"Dur\u00e9e de lecture estim\u00e9e\" \/>\n\t<meta name=\"twitter:data1\" content=\"2 minutes\" \/>\n<script type=\"application\/ld+json\" class=\"yoast-schema-graph\">{\"@context\":\"https:\\\/\\\/schema.org\",\"@graph\":[{\"@type\":\"WebPage\",\"@id\":\"https:\\\/\\\/biome-besancon.umlp.fr\\\/?page_id=493\",\"url\":\"https:\\\/\\\/biome-besancon.umlp.fr\\\/?page_id=493\",\"name\":\"JARDIN - BIOME\",\"isPartOf\":{\"@id\":\"https:\\\/\\\/biome-besancon.umlp.fr\\\/#website\"},\"datePublished\":\"2025-07-07T13:50:02+00:00\",\"dateModified\":\"2025-07-21T13:45:07+00:00\",\"breadcrumb\":{\"@id\":\"https:\\\/\\\/biome-besancon.umlp.fr\\\/?page_id=493#breadcrumb\"},\"inLanguage\":\"fr-FR\",\"potentialAction\":[{\"@type\":\"ReadAction\",\"target\":[\"https:\\\/\\\/biome-besancon.umlp.fr\\\/?page_id=493\"]}]},{\"@type\":\"BreadcrumbList\",\"@id\":\"https:\\\/\\\/biome-besancon.umlp.fr\\\/?page_id=493#breadcrumb\",\"itemListElement\":[{\"@type\":\"ListItem\",\"position\":1,\"name\":\"Accueil\",\"item\":\"https:\\\/\\\/biome-besancon.umlp.fr\\\/\"},{\"@type\":\"ListItem\",\"position\":2,\"name\":\"JARDIN\"}]},{\"@type\":\"WebSite\",\"@id\":\"https:\\\/\\\/biome-besancon.umlp.fr\\\/#website\",\"url\":\"https:\\\/\\\/biome-besancon.umlp.fr\\\/\",\"name\":\"BIOME\",\"description\":\"\",\"publisher\":{\"@id\":\"https:\\\/\\\/biome-besancon.umlp.fr\\\/#organization\"},\"potentialAction\":[{\"@type\":\"SearchAction\",\"target\":{\"@type\":\"EntryPoint\",\"urlTemplate\":\"https:\\\/\\\/biome-besancon.umlp.fr\\\/?s={search_term_string}\"},\"query-input\":{\"@type\":\"PropertyValueSpecification\",\"valueRequired\":true,\"valueName\":\"search_term_string\"}}],\"inLanguage\":\"fr-FR\"},{\"@type\":\"Organization\",\"@id\":\"https:\\\/\\\/biome-besancon.umlp.fr\\\/#organization\",\"name\":\"BIOME\",\"url\":\"https:\\\/\\\/biome-besancon.umlp.fr\\\/\",\"logo\":{\"@type\":\"ImageObject\",\"inLanguage\":\"fr-FR\",\"@id\":\"https:\\\/\\\/biome-besancon.umlp.fr\\\/#\\\/schema\\\/logo\\\/image\\\/\",\"url\":\"https:\\\/\\\/biome-besancon.umlp.fr\\\/wp-content\\\/uploads\\\/2025\\\/07\\\/BIOME-LOGO-BLEU-scaled.png\",\"contentUrl\":\"https:\\\/\\\/biome-besancon.umlp.fr\\\/wp-content\\\/uploads\\\/2025\\\/07\\\/BIOME-LOGO-BLEU-scaled.png\",\"width\":2560,\"height\":755,\"caption\":\"BIOME\"},\"image\":{\"@id\":\"https:\\\/\\\/biome-besancon.umlp.fr\\\/#\\\/schema\\\/logo\\\/image\\\/\"}}]}<\/script>\n<!-- \/ Yoast SEO plugin. -->","yoast_head_json":{"title":"JARDIN - BIOME","robots":{"index":"index","follow":"follow","max-snippet":"max-snippet:-1","max-image-preview":"max-image-preview:large","max-video-preview":"max-video-preview:-1"},"canonical":"https:\/\/biome-besancon.umlp.fr\/?page_id=493","og_locale":"fr_FR","og_type":"article","og_title":"JARDIN - BIOME","og_description":"Jardin Espace de d\u00e9ambulations botaniques, en ext\u00e9rieur, m\u00ealant d\u00e9tente, observation et apprentissage. Vous pouvez arpenter plusieurs secteurs en ext\u00e9rieur : Une collection Plantes et Soci\u00e9t\u00e9s &#8211; Une rocaille \u00e0 roches siliceuses &#8211; Une rocaille de roches calcaires &#8211; un parcelle sensible &#8211; Une tourbi\u00e8re jurassienne &#8211; Un arboretum &#8211; Des circuits de divagation Le jardin [&hellip;]","og_url":"https:\/\/biome-besancon.umlp.fr\/?page_id=493","og_site_name":"BIOME","article_modified_time":"2025-07-21T13:45:07+00:00","twitter_card":"summary_large_image","twitter_misc":{"Dur\u00e9e de lecture estim\u00e9e":"2 minutes"},"schema":{"@context":"https:\/\/schema.org","@graph":[{"@type":"WebPage","@id":"https:\/\/biome-besancon.umlp.fr\/?page_id=493","url":"https:\/\/biome-besancon.umlp.fr\/?page_id=493","name":"JARDIN - BIOME","isPartOf":{"@id":"https:\/\/biome-besancon.umlp.fr\/#website"},"datePublished":"2025-07-07T13:50:02+00:00","dateModified":"2025-07-21T13:45:07+00:00","breadcrumb":{"@id":"https:\/\/biome-besancon.umlp.fr\/?page_id=493#breadcrumb"},"inLanguage":"fr-FR","potentialAction":[{"@type":"ReadAction","target":["https:\/\/biome-besancon.umlp.fr\/?page_id=493"]}]},{"@type":"BreadcrumbList","@id":"https:\/\/biome-besancon.umlp.fr\/?page_id=493#breadcrumb","itemListElement":[{"@type":"ListItem","position":1,"name":"Accueil","item":"https:\/\/biome-besancon.umlp.fr\/"},{"@type":"ListItem","position":2,"name":"JARDIN"}]},{"@type":"WebSite","@id":"https:\/\/biome-besancon.umlp.fr\/#website","url":"https:\/\/biome-besancon.umlp.fr\/","name":"BIOME","description":"","publisher":{"@id":"https:\/\/biome-besancon.umlp.fr\/#organization"},"potentialAction":[{"@type":"SearchAction","target":{"@type":"EntryPoint","urlTemplate":"https:\/\/biome-besancon.umlp.fr\/?s={search_term_string}"},"query-input":{"@type":"PropertyValueSpecification","valueRequired":true,"valueName":"search_term_string"}}],"inLanguage":"fr-FR"},{"@type":"Organization","@id":"https:\/\/biome-besancon.umlp.fr\/#organization","name":"BIOME","url":"https:\/\/biome-besancon.umlp.fr\/","logo":{"@type":"ImageObject","inLanguage":"fr-FR","@id":"https:\/\/biome-besancon.umlp.fr\/#\/schema\/logo\/image\/","url":"https:\/\/biome-besancon.umlp.fr\/wp-content\/uploads\/2025\/07\/BIOME-LOGO-BLEU-scaled.png","contentUrl":"https:\/\/biome-besancon.umlp.fr\/wp-content\/uploads\/2025\/07\/BIOME-LOGO-BLEU-scaled.png","width":2560,"height":755,"caption":"BIOME"},"image":{"@id":"https:\/\/biome-besancon.umlp.fr\/#\/schema\/logo\/image\/"}}]}},"publishpress_future_action":{"enabled":false,"date":"2026-05-17 00:06:22","action":"change-status","newStatus":"draft","terms":[],"taxonomy":"","extraData":[]},"publishpress_future_workflow_manual_trigger":{"enabledWorkflows":[]},"_links":{"self":[{"href":"https:\/\/biome-besancon.umlp.fr\/index.php?rest_route=\/wp\/v2\/pages\/493","targetHints":{"allow":["GET"]}}],"collection":[{"href":"https:\/\/biome-besancon.umlp.fr\/index.php?rest_route=\/wp\/v2\/pages"}],"about":[{"href":"https:\/\/biome-besancon.umlp.fr\/index.php?rest_route=\/wp\/v2\/types\/page"}],"author":[{"embeddable":true,"href":"https:\/\/biome-besancon.umlp.fr\/index.php?rest_route=\/wp\/v2\/users\/1"}],"replies":[{"embeddable":true,"href":"https:\/\/biome-besancon.umlp.fr\/index.php?rest_route=%2Fwp%2Fv2%2Fcomments&post=493"}],"version-history":[{"count":218,"href":"https:\/\/biome-besancon.umlp.fr\/index.php?rest_route=\/wp\/v2\/pages\/493\/revisions"}],"predecessor-version":[{"id":2470,"href":"https:\/\/biome-besancon.umlp.fr\/index.php?rest_route=\/wp\/v2\/pages\/493\/revisions\/2470"}],"wp:attachment":[{"href":"https:\/\/biome-besancon.umlp.fr\/index.php?rest_route=%2Fwp%2Fv2%2Fmedia&parent=493"}],"curies":[{"name":"wp","href":"https:\/\/api.w.org\/{rel}","templated":true}]}}