{"id":611,"date":"2025-07-07T16:44:07","date_gmt":"2025-07-07T14:44:07","guid":{"rendered":"https:\/\/biome-besancon.umlp.fr\/?page_id=611"},"modified":"2026-03-31T09:48:00","modified_gmt":"2026-03-31T07:48:00","slug":"serre","status":"publish","type":"page","link":"https:\/\/biome-besancon.umlp.fr\/?page_id=611","title":{"rendered":"SERRE"},"content":{"rendered":"\t\t<div data-elementor-type=\"wp-page\" data-elementor-id=\"611\" class=\"elementor elementor-611\">\n\t\t\t\t<div class=\"elementor-element elementor-element-2e7e57e3 e-flex e-con-boxed e-con e-parent\" data-id=\"2e7e57e3\" data-element_type=\"container\" data-e-type=\"container\" data-settings=\"{&quot;background_background&quot;:&quot;slideshow&quot;,&quot;background_slideshow_gallery&quot;:[],&quot;background_slideshow_loop&quot;:&quot;yes&quot;,&quot;background_slideshow_slide_duration&quot;:5000,&quot;background_slideshow_slide_transition&quot;:&quot;fade&quot;,&quot;background_slideshow_transition_duration&quot;:500}\">\n\t\t\t\t\t<div class=\"e-con-inner\">\n\t\t<div class=\"elementor-element elementor-element-a4463b2 e-flex e-con-boxed e-con e-child\" data-id=\"a4463b2\" data-element_type=\"container\" data-e-type=\"container\" data-settings=\"{&quot;background_background&quot;:&quot;slideshow&quot;,&quot;background_slideshow_gallery&quot;:[{&quot;id&quot;:640,&quot;url&quot;:&quot;https:\\\/\\\/biome-besancon.umlp.fr\\\/wp-content\\\/uploads\\\/2025\\\/07\\\/biome-1-scaled.jpg&quot;}],&quot;background_slideshow_loop&quot;:&quot;yes&quot;,&quot;background_slideshow_slide_duration&quot;:5000,&quot;background_slideshow_slide_transition&quot;:&quot;fade&quot;,&quot;background_slideshow_transition_duration&quot;:500}\">\n\t\t\t\t\t<div class=\"e-con-inner\">\n\t\t\t\t<div class=\"elementor-element elementor-element-7d9cb778 elementor-widget elementor-widget-heading\" data-id=\"7d9cb778\" data-element_type=\"widget\" data-e-type=\"widget\" data-widget_type=\"heading.default\">\n\t\t\t\t<div class=\"elementor-widget-container\">\n\t\t\t\t\t<h2 class=\"elementor-heading-title elementor-size-default\">Serre<\/h2>\t\t\t\t<\/div>\n\t\t\t\t<\/div>\n\t\t\t\t<div class=\"elementor-element elementor-element-8a354d9 elementor-widget elementor-widget-text-editor\" data-id=\"8a354d9\" data-element_type=\"widget\" data-e-type=\"widget\" data-widget_type=\"text-editor.default\">\n\t\t\t\t<div class=\"elementor-widget-container\">\n\t\t\t\t\t\t\t\t\t<p>Espace d&rsquo;immersion botanique,<\/p>\t\t\t\t\t\t\t\t<\/div>\n\t\t\t\t<\/div>\n\t\t\t\t<div class=\"elementor-element elementor-element-d48608f elementor-widget elementor-widget-text-editor\" data-id=\"d48608f\" data-element_type=\"widget\" data-e-type=\"widget\" data-widget_type=\"text-editor.default\">\n\t\t\t\t<div class=\"elementor-widget-container\">\n\t\t\t\t\t\t\t\t\t<p>\u00e0 explorer, pour d\u00e9couvrir la richesse des \u00e9cosyst\u00e8mes et s\u2019immerger dans un univers v\u00e9g\u00e9tal<\/p>\t\t\t\t\t\t\t\t<\/div>\n\t\t\t\t<\/div>\n\t\t\t\t\t<\/div>\n\t\t\t\t<\/div>\n\t\t\t\t\t<\/div>\n\t\t\t\t<\/div>\n\t\t<div class=\"elementor-element elementor-element-52d6b8a4 e-flex e-con-boxed e-con e-parent\" data-id=\"52d6b8a4\" data-element_type=\"container\" data-e-type=\"container\">\n\t\t\t\t\t<div class=\"e-con-inner\">\n\t\t<div class=\"elementor-element elementor-element-591053b2 e-con-full e-flex e-con e-child\" data-id=\"591053b2\" data-element_type=\"container\" data-e-type=\"container\">\n\t\t\t\t<div class=\"elementor-element elementor-element-b2b19e1 elementor-widget elementor-widget-heading\" data-id=\"b2b19e1\" data-element_type=\"widget\" data-e-type=\"widget\" data-widget_type=\"heading.default\">\n\t\t\t\t<div class=\"elementor-widget-container\">\n\t\t\t\t\t<h4 class=\"elementor-heading-title elementor-size-default\">Trois secteurs sont disponibles sur site<\/h4>\t\t\t\t<\/div>\n\t\t\t\t<\/div>\n\t\t\t\t<div class=\"elementor-element elementor-element-3cb4420d elementor-widget elementor-widget-text-editor\" data-id=\"3cb4420d\" data-element_type=\"widget\" data-e-type=\"widget\" data-widget_type=\"text-editor.default\">\n\t\t\t\t<div class=\"elementor-widget-container\">\n\t\t\t\t\t\t\t\t\t<p><strong>Une serre temp\u00e9r\u00e9e &#8211; Une serre tropicale &#8211; Un espace de vie<\/strong><\/p>\t\t\t\t\t\t\t\t<\/div>\n\t\t\t\t<\/div>\n\t\t\t\t<div class=\"elementor-element elementor-element-3982f425 elementor-widget elementor-widget-text-editor\" data-id=\"3982f425\" data-element_type=\"widget\" data-e-type=\"widget\" data-widget_type=\"text-editor.default\">\n\t\t\t\t<div class=\"elementor-widget-container\">\n\t\t\t\t\t\t\t\t\t<p style=\"font-weight: 400;\">La Serre propose toute l\u2019ann\u00e9e des parcours botaniques, un espace de travail et de d\u00e9tente, et des expositions photographiques ou des br\u00e8ves sur la recherche universitaire dans l\u2019espace de vie.<\/p>\t\t\t\t\t\t\t\t<\/div>\n\t\t\t\t<\/div>\n\t\t\t\t<div class=\"elementor-element elementor-element-63e3e99 elementor-widget elementor-widget-heading\" data-id=\"63e3e99\" data-element_type=\"widget\" data-e-type=\"widget\" data-widget_type=\"heading.default\">\n\t\t\t\t<div class=\"elementor-widget-container\">\n\t\t\t\t\t<h5 class=\"elementor-heading-title elementor-size-default\">SERRE TEMPER\u00c9E<\/h5>\t\t\t\t<\/div>\n\t\t\t\t<\/div>\n\t\t\t\t<div class=\"elementor-element elementor-element-63571943 elementor-widget elementor-widget-text-editor\" data-id=\"63571943\" data-element_type=\"widget\" data-e-type=\"widget\" data-widget_type=\"text-editor.default\">\n\t\t\t\t<div class=\"elementor-widget-container\">\n\t\t\t\t\t\t\t\t\t<p>Cette serre pr\u00e9sente deux types de collections de plantes du monde \u2013 Les plantes des milieux d\u00e9sertiques ont acquis des adaptations qui prennent des formes vari\u00e9es face \u00e0 l\u2019absence temporaire d\u2019eau et aux fortes variations de temp\u00e9rature et d\u2019insolation : succulence, mise en repos, coloration, pilosit\u00e9 dense, &#8230; \u2013 Les plantes carnivores des milieux humides tourbeux du monde entier poss\u00e8dent par le fruit de l\u2019\u00e9volution des organes de capture et de digestion de proies animales : feuilles cylindriques, feuilles gluantes, feuilles \u00e0 m\u00e2choires, racines \u00e0 pi\u00e8ges\u2026<\/p>\t\t\t\t\t\t\t\t<\/div>\n\t\t\t\t<\/div>\n\t\t\t\t<div class=\"elementor-element elementor-element-33bdc62 elementor-widget elementor-widget-heading\" data-id=\"33bdc62\" data-element_type=\"widget\" data-e-type=\"widget\" data-widget_type=\"heading.default\">\n\t\t\t\t<div class=\"elementor-widget-container\">\n\t\t\t\t\t<h5 class=\"elementor-heading-title elementor-size-default\">SERRE TROPICALE<\/h5>\t\t\t\t<\/div>\n\t\t\t\t<\/div>\n\t\t\t\t<div class=\"elementor-element elementor-element-7402d25c elementor-widget elementor-widget-text-editor\" data-id=\"7402d25c\" data-element_type=\"widget\" data-e-type=\"widget\" data-widget_type=\"text-editor.default\">\n\t\t\t\t<div class=\"elementor-widget-container\">\n\t\t\t\t\t\t\t\t\t<p style=\"font-weight: 400;\">La serre tropicale, chaude et humide, est organis\u00e9e en trois cellules. L\u2019une forme un cabinet de curiosit\u00e9 qui met en avant la diversit\u00e9 des adaptations des plantes du monde, en milieu aquatique comme en zone terrestre, des petites plantes herbac\u00e9es aux arbres. La seconde accueille des plantes d\u2019Amazonie qui forment un univers immersif forestier \u00e0 tr\u00e8s forte densit\u00e9 et diversit\u00e9 de plantes, foug\u00e8res, brom\u00e9liac\u00e9es, orchid\u00e9es, palmiers, et autres arbres de hauteurs vari\u00e9es. La derni\u00e8re organise des collections de plantes des divers continents dans leurs relations avec les peuples autochtones et la recherche scientifique : plantes rares et menac\u00e9es d\u2019Oc\u00e9anie, plantes m\u00e9dicinales, alimentaires ou chamaniques d\u2019Am\u00e9riques, d\u2019Afrique et d\u2019Asie.<\/p>\t\t\t\t\t\t\t\t<\/div>\n\t\t\t\t<\/div>\n\t\t\t\t<div class=\"elementor-element elementor-element-19558c2 elementor-widget elementor-widget-heading\" data-id=\"19558c2\" data-element_type=\"widget\" data-e-type=\"widget\" data-widget_type=\"heading.default\">\n\t\t\t\t<div class=\"elementor-widget-container\">\n\t\t\t\t\t<h5 class=\"elementor-heading-title elementor-size-default\">SERRE DE VIE<\/h5>\t\t\t\t<\/div>\n\t\t\t\t<\/div>\n\t\t\t\t<div class=\"elementor-element elementor-element-d5590fd elementor-widget elementor-widget-text-editor\" data-id=\"d5590fd\" data-element_type=\"widget\" data-e-type=\"widget\" data-widget_type=\"text-editor.default\">\n\t\t\t\t<div class=\"elementor-widget-container\">\n\t\t\t\t\t\t\t\t\t<p style=\"font-weight: 400;\"><span style=\"color: #000000;\">Ouvert aux \u00e9tudiants, aux personnels de l\u2019Universit\u00e9, aux visiteurs et fl\u00e2neurs amoureux des plantes, des paysages v\u00e9g\u00e9talis\u00e9s ou de l\u2019architecture de serres, l\u2019espace de vie est avant tout un endroit o\u00f9 prendre du temps pour soi ou avec les autres, \u00e0 l\u2018abri des intemp\u00e9ries. Un espace de vie et de partage, de liens entre l\u2019universit\u00e9 et la ville, donnant sur une belle perspective du jardin ext\u00e9rieur.<\/span><\/p>\t\t\t\t\t\t\t\t<\/div>\n\t\t\t\t<\/div>\n\t\t\t\t<div class=\"elementor-element elementor-element-4b63cd2 elementor-hidden-desktop elementor-hidden-tablet elementor-widget-divider--view-line elementor-widget elementor-widget-divider\" data-id=\"4b63cd2\" data-element_type=\"widget\" data-e-type=\"widget\" data-widget_type=\"divider.default\">\n\t\t\t\t<div class=\"elementor-widget-container\">\n\t\t\t\t\t\t\t<div class=\"elementor-divider\">\n\t\t\t<span class=\"elementor-divider-separator\">\n\t\t\t\t\t\t<\/span>\n\t\t<\/div>\n\t\t\t\t\t\t<\/div>\n\t\t\t\t<\/div>\n\t\t\t\t<\/div>\n\t\t<div class=\"elementor-element elementor-element-2f2bc577 e-con-full e-flex e-con e-child\" data-id=\"2f2bc577\" data-element_type=\"container\" data-e-type=\"container\">\n\t\t\t\t<div class=\"elementor-element elementor-element-52680dd7 elementor-widget elementor-widget-heading\" data-id=\"52680dd7\" data-element_type=\"widget\" data-e-type=\"widget\" data-widget_type=\"heading.default\">\n\t\t\t\t<div class=\"elementor-widget-container\">\n\t\t\t\t\t<h4 class=\"elementor-heading-title elementor-size-default\">Ouverture :<\/h4>\t\t\t\t<\/div>\n\t\t\t\t<\/div>\n\t\t\t\t<div class=\"elementor-element elementor-element-740b1f99 elementor-widget elementor-widget-text-editor\" data-id=\"740b1f99\" data-element_type=\"widget\" data-e-type=\"widget\" data-widget_type=\"text-editor.default\">\n\t\t\t\t<div class=\"elementor-widget-container\">\n\t\t\t\t\t\t\t\t\t<p class=\"p1\">Du lundi au vendredi de 12 h \u00e0 16 h<\/p><p class=\"p1\">Le samedi et le dimanche de 14h \u00e0 18h\u00a0 Ferm\u00e9e les jours f\u00e9ri\u00e9s.<\/p><p style=\"font-weight: 400;\"><span style=\"font-weight: 400;\">Visite libre &#8211; Entr\u00e9e gratuite.<\/span><\/p>\t\t\t\t\t\t\t\t<\/div>\n\t\t\t\t<\/div>\n\t\t\t\t<div class=\"elementor-element elementor-element-46e919bb elementor-widget elementor-widget-text-editor\" data-id=\"46e919bb\" data-element_type=\"widget\" data-e-type=\"widget\" data-widget_type=\"text-editor.default\">\n\t\t\t\t<div class=\"elementor-widget-container\">\n\t\t\t\t\t\t\t\t\t<p>16 Route de Gray<\/p><p>25000 BESAN\u00c7ON<\/p>\t\t\t\t\t\t\t\t<\/div>\n\t\t\t\t<\/div>\n\t\t\t\t<\/div>\n\t\t\t\t\t<\/div>\n\t\t\t\t<\/div>\n\t\t\t\t<\/div>\n\t\t","protected":false},"excerpt":{"rendered":"<p>Serre Espace d&rsquo;immersion botanique, \u00e0 explorer, pour d\u00e9couvrir la richesse des \u00e9cosyst\u00e8mes et s\u2019immerger dans un univers v\u00e9g\u00e9tal Trois secteurs sont disponibles sur site Une serre temp\u00e9r\u00e9e &#8211; Une serre tropicale &#8211; Un espace de vie La Serre propose toute l\u2019ann\u00e9e des parcours botaniques, un espace de travail et de d\u00e9tente, et des expositions photographiques [&hellip;]<\/p>\n","protected":false},"author":1,"featured_media":0,"parent":0,"menu_order":0,"comment_status":"closed","ping_status":"closed","template":"","meta":{"footnotes":""},"class_list":["post-611","page","type-page","status-publish","hentry"],"yoast_head":"<!-- This site is optimized with the Yoast SEO plugin v27.3 - https:\/\/yoast.com\/product\/yoast-seo-wordpress\/ -->\n<title>SERRE - BIOME<\/title>\n<meta name=\"robots\" content=\"index, follow, max-snippet:-1, max-image-preview:large, max-video-preview:-1\" \/>\n<link rel=\"canonical\" href=\"https:\/\/biome-besancon.umlp.fr\/?page_id=611\" \/>\n<meta property=\"og:locale\" content=\"fr_FR\" \/>\n<meta property=\"og:type\" content=\"article\" \/>\n<meta property=\"og:title\" content=\"SERRE - BIOME\" \/>\n<meta property=\"og:description\" content=\"Serre Espace d&rsquo;immersion botanique, \u00e0 explorer, pour d\u00e9couvrir la richesse des \u00e9cosyst\u00e8mes et s\u2019immerger dans un univers v\u00e9g\u00e9tal Trois secteurs sont disponibles sur site Une serre temp\u00e9r\u00e9e &#8211; Une serre tropicale &#8211; Un espace de vie La Serre propose toute l\u2019ann\u00e9e des parcours botaniques, un espace de travail et de d\u00e9tente, et des expositions photographiques [&hellip;]\" \/>\n<meta property=\"og:url\" content=\"https:\/\/biome-besancon.umlp.fr\/?page_id=611\" \/>\n<meta property=\"og:site_name\" content=\"BIOME\" \/>\n<meta property=\"article:modified_time\" content=\"2026-03-31T07:48:00+00:00\" \/>\n<meta name=\"twitter:card\" content=\"summary_large_image\" \/>\n<script type=\"application\/ld+json\" class=\"yoast-schema-graph\">{\"@context\":\"https:\\\/\\\/schema.org\",\"@graph\":[{\"@type\":\"WebPage\",\"@id\":\"https:\\\/\\\/biome-besancon.umlp.fr\\\/?page_id=611\",\"url\":\"https:\\\/\\\/biome-besancon.umlp.fr\\\/?page_id=611\",\"name\":\"SERRE - BIOME\",\"isPartOf\":{\"@id\":\"https:\\\/\\\/biome-besancon.umlp.fr\\\/#website\"},\"datePublished\":\"2025-07-07T14:44:07+00:00\",\"dateModified\":\"2026-03-31T07:48:00+00:00\",\"breadcrumb\":{\"@id\":\"https:\\\/\\\/biome-besancon.umlp.fr\\\/?page_id=611#breadcrumb\"},\"inLanguage\":\"fr-FR\",\"potentialAction\":[{\"@type\":\"ReadAction\",\"target\":[\"https:\\\/\\\/biome-besancon.umlp.fr\\\/?page_id=611\"]}]},{\"@type\":\"BreadcrumbList\",\"@id\":\"https:\\\/\\\/biome-besancon.umlp.fr\\\/?page_id=611#breadcrumb\",\"itemListElement\":[{\"@type\":\"ListItem\",\"position\":1,\"name\":\"Accueil\",\"item\":\"https:\\\/\\\/biome-besancon.umlp.fr\\\/\"},{\"@type\":\"ListItem\",\"position\":2,\"name\":\"SERRE\"}]},{\"@type\":\"WebSite\",\"@id\":\"https:\\\/\\\/biome-besancon.umlp.fr\\\/#website\",\"url\":\"https:\\\/\\\/biome-besancon.umlp.fr\\\/\",\"name\":\"BIOME\",\"description\":\"\",\"publisher\":{\"@id\":\"https:\\\/\\\/biome-besancon.umlp.fr\\\/#organization\"},\"potentialAction\":[{\"@type\":\"SearchAction\",\"target\":{\"@type\":\"EntryPoint\",\"urlTemplate\":\"https:\\\/\\\/biome-besancon.umlp.fr\\\/?s={search_term_string}\"},\"query-input\":{\"@type\":\"PropertyValueSpecification\",\"valueRequired\":true,\"valueName\":\"search_term_string\"}}],\"inLanguage\":\"fr-FR\"},{\"@type\":\"Organization\",\"@id\":\"https:\\\/\\\/biome-besancon.umlp.fr\\\/#organization\",\"name\":\"BIOME\",\"url\":\"https:\\\/\\\/biome-besancon.umlp.fr\\\/\",\"logo\":{\"@type\":\"ImageObject\",\"inLanguage\":\"fr-FR\",\"@id\":\"https:\\\/\\\/biome-besancon.umlp.fr\\\/#\\\/schema\\\/logo\\\/image\\\/\",\"url\":\"https:\\\/\\\/biome-besancon.umlp.fr\\\/wp-content\\\/uploads\\\/2025\\\/07\\\/BIOME-LOGO-BLEU-scaled.png\",\"contentUrl\":\"https:\\\/\\\/biome-besancon.umlp.fr\\\/wp-content\\\/uploads\\\/2025\\\/07\\\/BIOME-LOGO-BLEU-scaled.png\",\"width\":2560,\"height\":755,\"caption\":\"BIOME\"},\"image\":{\"@id\":\"https:\\\/\\\/biome-besancon.umlp.fr\\\/#\\\/schema\\\/logo\\\/image\\\/\"}}]}<\/script>\n<!-- \/ Yoast SEO plugin. -->","yoast_head_json":{"title":"SERRE - BIOME","robots":{"index":"index","follow":"follow","max-snippet":"max-snippet:-1","max-image-preview":"max-image-preview:large","max-video-preview":"max-video-preview:-1"},"canonical":"https:\/\/biome-besancon.umlp.fr\/?page_id=611","og_locale":"fr_FR","og_type":"article","og_title":"SERRE - BIOME","og_description":"Serre Espace d&rsquo;immersion botanique, \u00e0 explorer, pour d\u00e9couvrir la richesse des \u00e9cosyst\u00e8mes et s\u2019immerger dans un univers v\u00e9g\u00e9tal Trois secteurs sont disponibles sur site Une serre temp\u00e9r\u00e9e &#8211; Une serre tropicale &#8211; Un espace de vie La Serre propose toute l\u2019ann\u00e9e des parcours botaniques, un espace de travail et de d\u00e9tente, et des expositions photographiques [&hellip;]","og_url":"https:\/\/biome-besancon.umlp.fr\/?page_id=611","og_site_name":"BIOME","article_modified_time":"2026-03-31T07:48:00+00:00","twitter_card":"summary_large_image","schema":{"@context":"https:\/\/schema.org","@graph":[{"@type":"WebPage","@id":"https:\/\/biome-besancon.umlp.fr\/?page_id=611","url":"https:\/\/biome-besancon.umlp.fr\/?page_id=611","name":"SERRE - BIOME","isPartOf":{"@id":"https:\/\/biome-besancon.umlp.fr\/#website"},"datePublished":"2025-07-07T14:44:07+00:00","dateModified":"2026-03-31T07:48:00+00:00","breadcrumb":{"@id":"https:\/\/biome-besancon.umlp.fr\/?page_id=611#breadcrumb"},"inLanguage":"fr-FR","potentialAction":[{"@type":"ReadAction","target":["https:\/\/biome-besancon.umlp.fr\/?page_id=611"]}]},{"@type":"BreadcrumbList","@id":"https:\/\/biome-besancon.umlp.fr\/?page_id=611#breadcrumb","itemListElement":[{"@type":"ListItem","position":1,"name":"Accueil","item":"https:\/\/biome-besancon.umlp.fr\/"},{"@type":"ListItem","position":2,"name":"SERRE"}]},{"@type":"WebSite","@id":"https:\/\/biome-besancon.umlp.fr\/#website","url":"https:\/\/biome-besancon.umlp.fr\/","name":"BIOME","description":"","publisher":{"@id":"https:\/\/biome-besancon.umlp.fr\/#organization"},"potentialAction":[{"@type":"SearchAction","target":{"@type":"EntryPoint","urlTemplate":"https:\/\/biome-besancon.umlp.fr\/?s={search_term_string}"},"query-input":{"@type":"PropertyValueSpecification","valueRequired":true,"valueName":"search_term_string"}}],"inLanguage":"fr-FR"},{"@type":"Organization","@id":"https:\/\/biome-besancon.umlp.fr\/#organization","name":"BIOME","url":"https:\/\/biome-besancon.umlp.fr\/","logo":{"@type":"ImageObject","inLanguage":"fr-FR","@id":"https:\/\/biome-besancon.umlp.fr\/#\/schema\/logo\/image\/","url":"https:\/\/biome-besancon.umlp.fr\/wp-content\/uploads\/2025\/07\/BIOME-LOGO-BLEU-scaled.png","contentUrl":"https:\/\/biome-besancon.umlp.fr\/wp-content\/uploads\/2025\/07\/BIOME-LOGO-BLEU-scaled.png","width":2560,"height":755,"caption":"BIOME"},"image":{"@id":"https:\/\/biome-besancon.umlp.fr\/#\/schema\/logo\/image\/"}}]}},"publishpress_future_action":{"enabled":false,"date":"2026-05-17 00:06:22","action":"change-status","newStatus":"draft","terms":[],"taxonomy":"","extraData":[]},"publishpress_future_workflow_manual_trigger":{"enabledWorkflows":[]},"_links":{"self":[{"href":"https:\/\/biome-besancon.umlp.fr\/index.php?rest_route=\/wp\/v2\/pages\/611","targetHints":{"allow":["GET"]}}],"collection":[{"href":"https:\/\/biome-besancon.umlp.fr\/index.php?rest_route=\/wp\/v2\/pages"}],"about":[{"href":"https:\/\/biome-besancon.umlp.fr\/index.php?rest_route=\/wp\/v2\/types\/page"}],"author":[{"embeddable":true,"href":"https:\/\/biome-besancon.umlp.fr\/index.php?rest_route=\/wp\/v2\/users\/1"}],"replies":[{"embeddable":true,"href":"https:\/\/biome-besancon.umlp.fr\/index.php?rest_route=%2Fwp%2Fv2%2Fcomments&post=611"}],"version-history":[{"count":121,"href":"https:\/\/biome-besancon.umlp.fr\/index.php?rest_route=\/wp\/v2\/pages\/611\/revisions"}],"predecessor-version":[{"id":3087,"href":"https:\/\/biome-besancon.umlp.fr\/index.php?rest_route=\/wp\/v2\/pages\/611\/revisions\/3087"}],"wp:attachment":[{"href":"https:\/\/biome-besancon.umlp.fr\/index.php?rest_route=%2Fwp%2Fv2%2Fmedia&parent=611"}],"curies":[{"name":"wp","href":"https:\/\/api.w.org\/{rel}","templated":true}]}}