{"id":615,"date":"2025-07-07T16:44:47","date_gmt":"2025-07-07T14:44:47","guid":{"rendered":"https:\/\/biome-besancon.umlp.fr\/?page_id=615"},"modified":"2025-11-19T11:49:39","modified_gmt":"2025-11-19T10:49:39","slug":"a-propos","status":"publish","type":"page","link":"https:\/\/biome-besancon.umlp.fr\/?page_id=615","title":{"rendered":"\u00c0 PROPOS"},"content":{"rendered":"\t\t<div data-elementor-type=\"wp-page\" data-elementor-id=\"615\" class=\"elementor elementor-615\">\n\t\t\t\t<div class=\"elementor-element elementor-element-2f262991 e-flex e-con-boxed e-con e-parent\" data-id=\"2f262991\" data-element_type=\"container\" data-e-type=\"container\" data-settings=\"{&quot;background_background&quot;:&quot;slideshow&quot;,&quot;background_slideshow_gallery&quot;:[],&quot;background_slideshow_loop&quot;:&quot;yes&quot;,&quot;background_slideshow_slide_duration&quot;:5000,&quot;background_slideshow_slide_transition&quot;:&quot;fade&quot;,&quot;background_slideshow_transition_duration&quot;:500}\">\n\t\t\t\t\t<div class=\"e-con-inner\">\n\t\t<div class=\"elementor-element elementor-element-5fb538a3 e-flex e-con-boxed e-con e-child\" data-id=\"5fb538a3\" data-element_type=\"container\" data-e-type=\"container\" data-settings=\"{&quot;background_background&quot;:&quot;slideshow&quot;,&quot;background_slideshow_gallery&quot;:[{&quot;id&quot;:867,&quot;url&quot;:&quot;https:\\\/\\\/biome-besancon.umlp.fr\\\/wp-content\\\/uploads\\\/2025\\\/07\\\/biome-15-1-scaled.jpg&quot;},{&quot;id&quot;:469,&quot;url&quot;:&quot;https:\\\/\\\/biome-besancon.umlp.fr\\\/wp-content\\\/uploads\\\/2025\\\/07\\\/biome-18-3-scaled.jpg&quot;},{&quot;id&quot;:774,&quot;url&quot;:&quot;https:\\\/\\\/biome-besancon.umlp.fr\\\/wp-content\\\/uploads\\\/2025\\\/07\\\/biome-4-scaled.jpg&quot;}],&quot;background_slideshow_loop&quot;:&quot;yes&quot;,&quot;background_slideshow_slide_duration&quot;:5000,&quot;background_slideshow_slide_transition&quot;:&quot;fade&quot;,&quot;background_slideshow_transition_duration&quot;:500}\">\n\t\t\t\t\t<div class=\"e-con-inner\">\n\t\t\t\t<div class=\"elementor-element elementor-element-fc5a0c1 elementor-widget elementor-widget-heading\" data-id=\"fc5a0c1\" data-element_type=\"widget\" data-e-type=\"widget\" data-widget_type=\"heading.default\">\n\t\t\t\t<div class=\"elementor-widget-container\">\n\t\t\t\t\t<h3 class=\"elementor-heading-title elementor-size-default\">Jardin | Serre | Fabrika<\/h3>\t\t\t\t<\/div>\n\t\t\t\t<\/div>\n\t\t\t\t<div class=\"elementor-element elementor-element-38985dd elementor-widget elementor-widget-text-editor\" data-id=\"38985dd\" data-element_type=\"widget\" data-e-type=\"widget\" data-widget_type=\"text-editor.default\">\n\t\t\t\t<div class=\"elementor-widget-container\">\n\t\t\t\t\t\t\t\t\t<p class=\"p1\"><b>EXPOSITIONS &#8211; VISITES &#8211; ATELIERS<\/b><\/p><p class=\"p1\">Fl\u00e2nez, d\u00e9couvrez, exp\u00e9rimentez sur le Campus de la Bouloie<\/p>\t\t\t\t\t\t\t\t<\/div>\n\t\t\t\t<\/div>\n\t\t\t\t\t<\/div>\n\t\t\t\t<\/div>\n\t\t\t\t\t<\/div>\n\t\t\t\t<\/div>\n\t\t<div class=\"elementor-element elementor-element-21d50b5 e-flex e-con-boxed e-con e-parent\" data-id=\"21d50b5\" data-element_type=\"container\" data-e-type=\"container\">\n\t\t\t\t\t<div class=\"e-con-inner\">\n\t\t\t\t<div class=\"elementor-element elementor-element-9b4f9bf elementor-widget elementor-widget-text-editor\" data-id=\"9b4f9bf\" data-element_type=\"widget\" data-e-type=\"widget\" data-widget_type=\"text-editor.default\">\n\t\t\t\t<div class=\"elementor-widget-container\">\n\t\t\t\t\t\t\t\t\t<p><strong>Serre tropicale, parcelles botaniques, espace d\u2019exposition et d&rsquo;ateliers&#8230;<\/strong><\/p><p>BIOME est un nouveau lieu de l\u2019Universit\u00e9 Marie et Louis Pasteur pour d\u00e9couvrir les sciences, rencontrer des chercheurs, s&rsquo;immerger dans des environnements d\u00e9paysants\u2026 ou simplement se promener.\u00a0<\/p>\t\t\t\t\t\t\t\t<\/div>\n\t\t\t\t<\/div>\n\t\t\t\t<div class=\"elementor-element elementor-element-861d906 elementor-widget elementor-widget-text-editor\" data-id=\"861d906\" data-element_type=\"widget\" data-e-type=\"widget\" data-widget_type=\"text-editor.default\">\n\t\t\t\t<div class=\"elementor-widget-container\">\n\t\t\t\t\t\t\t\t\t<p>\u00c0 d\u00e9couvrir sur place : des orchid\u00e9es de Guyane, les plantes des tourbi\u00e8res, une exposition sur le cerveau et la m\u00e9moire, un atelier sur les fake news\u2026<\/p>\t\t\t\t\t\t\t\t<\/div>\n\t\t\t\t<\/div>\n\t\t\t\t\t<\/div>\n\t\t\t\t<\/div>\n\t\t<div class=\"elementor-element elementor-element-1dfc48a e-flex e-con-boxed e-con e-parent\" data-id=\"1dfc48a\" data-element_type=\"container\" data-e-type=\"container\">\n\t\t\t\t\t<div class=\"e-con-inner\">\n\t\t\t\t<div class=\"elementor-element elementor-element-e106e1e elementor-widget elementor-widget-heading\" data-id=\"e106e1e\" data-element_type=\"widget\" data-e-type=\"widget\" data-widget_type=\"heading.default\">\n\t\t\t\t<div class=\"elementor-widget-container\">\n\t\t\t\t\t<h2 class=\"elementor-heading-title elementor-size-default\">BIOME vous propose trois espaces :<\/h2>\t\t\t\t<\/div>\n\t\t\t\t<\/div>\n\t\t\t\t\t<\/div>\n\t\t\t\t<\/div>\n\t\t<div class=\"elementor-element elementor-element-e3b1847 e-flex e-con-boxed e-con e-parent\" data-id=\"e3b1847\" data-element_type=\"container\" data-e-type=\"container\">\n\t\t\t\t\t<div class=\"e-con-inner\">\n\t\t<div class=\"elementor-element elementor-element-933339e e-con-full e-flex e-con e-child\" data-id=\"933339e\" data-element_type=\"container\" data-e-type=\"container\" data-settings=\"{&quot;background_background&quot;:&quot;slideshow&quot;,&quot;background_slideshow_gallery&quot;:[{&quot;id&quot;:468,&quot;url&quot;:&quot;https:\\\/\\\/biome-besancon.umlp.fr\\\/wp-content\\\/uploads\\\/2025\\\/07\\\/biome-14-1-scaled.jpg&quot;}],&quot;background_slideshow_loop&quot;:&quot;yes&quot;,&quot;background_slideshow_slide_duration&quot;:5000,&quot;background_slideshow_slide_transition&quot;:&quot;fade&quot;,&quot;background_slideshow_transition_duration&quot;:500}\">\n\t\t\t\t<div class=\"elementor-element elementor-element-64b351f elementor-widget elementor-widget-heading\" data-id=\"64b351f\" data-element_type=\"widget\" data-e-type=\"widget\" data-widget_type=\"heading.default\">\n\t\t\t\t<div class=\"elementor-widget-container\">\n\t\t\t\t\t<h2 class=\"elementor-heading-title elementor-size-default\">Jardin<\/h2>\t\t\t\t<\/div>\n\t\t\t\t<\/div>\n\t\t\t\t<div class=\"elementor-element elementor-element-dd41bc4 elementor-align-right elementor-widget elementor-widget-button\" data-id=\"dd41bc4\" data-element_type=\"widget\" data-e-type=\"widget\" data-widget_type=\"button.default\">\n\t\t\t\t<div class=\"elementor-widget-container\">\n\t\t\t\t\t\t\t\t\t<div class=\"elementor-button-wrapper\">\n\t\t\t\t\t<a class=\"elementor-button elementor-button-link elementor-size-sm\" href=\"https:\/\/biome-besancon.umlp.fr\/?page_id=493\">\n\t\t\t\t\t\t<span class=\"elementor-button-content-wrapper\">\n\t\t\t\t\t\t\t\t\t<span class=\"elementor-button-text\">D\u00e9couvrir<\/span>\n\t\t\t\t\t<\/span>\n\t\t\t\t\t<\/a>\n\t\t\t\t<\/div>\n\t\t\t\t\t\t\t\t<\/div>\n\t\t\t\t<\/div>\n\t\t\t\t<div class=\"elementor-element elementor-element-c617831 elementor-widget elementor-widget-text-editor\" data-id=\"c617831\" data-element_type=\"widget\" data-e-type=\"widget\" data-widget_type=\"text-editor.default\">\n\t\t\t\t<div class=\"elementor-widget-container\">\n\t\t\t\t\t\t\t\t\t<p>un espace ext\u00e9rieur en acc\u00e8s libre, m\u00ealant d\u00e9tente, observation et apprentissage.<\/p>\t\t\t\t\t\t\t\t<\/div>\n\t\t\t\t<\/div>\n\t\t\t\t<\/div>\n\t\t<div class=\"elementor-element elementor-element-0d9f33a e-con-full e-flex e-con e-child\" data-id=\"0d9f33a\" data-element_type=\"container\" data-e-type=\"container\" data-settings=\"{&quot;background_background&quot;:&quot;slideshow&quot;,&quot;background_slideshow_gallery&quot;:[{&quot;id&quot;:469,&quot;url&quot;:&quot;https:\\\/\\\/biome-besancon.umlp.fr\\\/wp-content\\\/uploads\\\/2025\\\/07\\\/biome-18-3-scaled.jpg&quot;}],&quot;background_slideshow_loop&quot;:&quot;yes&quot;,&quot;background_slideshow_slide_duration&quot;:5000,&quot;background_slideshow_slide_transition&quot;:&quot;fade&quot;,&quot;background_slideshow_transition_duration&quot;:500}\">\n\t\t\t\t<div class=\"elementor-element elementor-element-b9347e3 elementor-widget elementor-widget-heading\" data-id=\"b9347e3\" data-element_type=\"widget\" data-e-type=\"widget\" data-widget_type=\"heading.default\">\n\t\t\t\t<div class=\"elementor-widget-container\">\n\t\t\t\t\t<h2 class=\"elementor-heading-title elementor-size-default\">Serre<\/h2>\t\t\t\t<\/div>\n\t\t\t\t<\/div>\n\t\t\t\t<div class=\"elementor-element elementor-element-a29e030 elementor-widget elementor-widget-text-editor\" data-id=\"a29e030\" data-element_type=\"widget\" data-e-type=\"widget\" data-widget_type=\"text-editor.default\">\n\t\t\t\t<div class=\"elementor-widget-container\">\n\t\t\t\t\t\t\t\t\t<p>un espace tropical \u00e0 explorer, pour d\u00e9couvrir la richesse des \u00e9cosyst\u00e8mes et s\u2019immerger dans un univers v\u00e9g\u00e9tal, en visite libre ou lors d\u2019ateliers.<\/p>\t\t\t\t\t\t\t\t<\/div>\n\t\t\t\t<\/div>\n\t\t\t\t<div class=\"elementor-element elementor-element-0684d90 elementor-align-right elementor-widget elementor-widget-button\" data-id=\"0684d90\" data-element_type=\"widget\" data-e-type=\"widget\" data-widget_type=\"button.default\">\n\t\t\t\t<div class=\"elementor-widget-container\">\n\t\t\t\t\t\t\t\t\t<div class=\"elementor-button-wrapper\">\n\t\t\t\t\t<a class=\"elementor-button elementor-button-link elementor-size-sm\" href=\"https:\/\/biome-besancon.umlp.fr\/?page_id=611\">\n\t\t\t\t\t\t<span class=\"elementor-button-content-wrapper\">\n\t\t\t\t\t\t\t\t\t<span class=\"elementor-button-text\">D\u00e9couvrir<\/span>\n\t\t\t\t\t<\/span>\n\t\t\t\t\t<\/a>\n\t\t\t\t<\/div>\n\t\t\t\t\t\t\t\t<\/div>\n\t\t\t\t<\/div>\n\t\t\t\t<\/div>\n\t\t<div class=\"elementor-element elementor-element-8af9866 e-con-full e-flex e-con e-child\" data-id=\"8af9866\" data-element_type=\"container\" data-e-type=\"container\" data-settings=\"{&quot;background_background&quot;:&quot;slideshow&quot;,&quot;background_slideshow_gallery&quot;:[{&quot;id&quot;:774,&quot;url&quot;:&quot;https:\\\/\\\/biome-besancon.umlp.fr\\\/wp-content\\\/uploads\\\/2025\\\/07\\\/biome-4-scaled.jpg&quot;}],&quot;background_slideshow_loop&quot;:&quot;yes&quot;,&quot;background_slideshow_slide_duration&quot;:5000,&quot;background_slideshow_slide_transition&quot;:&quot;fade&quot;,&quot;background_slideshow_transition_duration&quot;:500}\">\n\t\t\t\t<div class=\"elementor-element elementor-element-aeb335e elementor-widget elementor-widget-heading\" data-id=\"aeb335e\" data-element_type=\"widget\" data-e-type=\"widget\" data-widget_type=\"heading.default\">\n\t\t\t\t<div class=\"elementor-widget-container\">\n\t\t\t\t\t<h2 class=\"elementor-heading-title elementor-size-default\">Fabrika<\/h2>\t\t\t\t<\/div>\n\t\t\t\t<\/div>\n\t\t\t\t<div class=\"elementor-element elementor-element-b806347 elementor-widget elementor-widget-text-editor\" data-id=\"b806347\" data-element_type=\"widget\" data-e-type=\"widget\" data-widget_type=\"text-editor.default\">\n\t\t\t\t<div class=\"elementor-widget-container\">\n\t\t\t\t\t\t\t\t\t<p>un lieu d\u00e9di\u00e9 \u00e0 la culture et \u00e0 la science, proposant des expositions et des ateliers.<\/p>\t\t\t\t\t\t\t\t<\/div>\n\t\t\t\t<\/div>\n\t\t\t\t<div class=\"elementor-element elementor-element-58af413 elementor-align-right elementor-widget elementor-widget-button\" data-id=\"58af413\" data-element_type=\"widget\" data-e-type=\"widget\" data-widget_type=\"button.default\">\n\t\t\t\t<div class=\"elementor-widget-container\">\n\t\t\t\t\t\t\t\t\t<div class=\"elementor-button-wrapper\">\n\t\t\t\t\t<a class=\"elementor-button elementor-button-link elementor-size-sm\" href=\"https:\/\/biome-besancon.umlp.fr\/?page_id=613\">\n\t\t\t\t\t\t<span class=\"elementor-button-content-wrapper\">\n\t\t\t\t\t\t\t\t\t<span class=\"elementor-button-text\">D\u00e9couvrir<\/span>\n\t\t\t\t\t<\/span>\n\t\t\t\t\t<\/a>\n\t\t\t\t<\/div>\n\t\t\t\t\t\t\t\t<\/div>\n\t\t\t\t<\/div>\n\t\t\t\t<\/div>\n\t\t\t\t\t<\/div>\n\t\t\t\t<\/div>\n\t\t<div class=\"elementor-element elementor-element-9baeda8 e-flex e-con-boxed e-con e-parent\" data-id=\"9baeda8\" data-element_type=\"container\" data-e-type=\"container\">\n\t\t\t\t\t<div class=\"e-con-inner\">\n\t\t\t\t<div class=\"elementor-element elementor-element-9ce4ee8 elementor-widget elementor-widget-text-editor\" data-id=\"9ce4ee8\" data-element_type=\"widget\" data-e-type=\"widget\" data-widget_type=\"text-editor.default\">\n\t\t\t\t<div class=\"elementor-widget-container\">\n\t\t\t\t\t\t\t\t\t<p><span style=\"font-weight: 400;\">BIOME est ouvert aux scolaires, aux \u00e9tudiants, aux personnels de l\u2019Universit\u00e9 et \u00e0 tous les curieux, en semaine et le week-end : visites libres, accueil de groupes avec ateliers p\u00e9dagogiques et visites botaniques.<\/span><\/p><p><span style=\"font-weight: 400;\">Des \u00e9v\u00e9nements ponctuels seront \u00e9galement organis\u00e9s, tels que la <em>F\u00eate de la science<\/em> ou les <em>Rendez-vous aux jardins<\/em>.<\/span><\/p>\t\t\t\t\t\t\t\t<\/div>\n\t\t\t\t<\/div>\n\t\t\t\t\t<\/div>\n\t\t\t\t<\/div>\n\t\t\t\t<\/div>\n\t\t","protected":false},"excerpt":{"rendered":"<p>Jardin | Serre | Fabrika EXPOSITIONS &#8211; VISITES &#8211; ATELIERS Fl\u00e2nez, d\u00e9couvrez, exp\u00e9rimentez sur le Campus de la Bouloie Serre tropicale, parcelles botaniques, espace d\u2019exposition et d&rsquo;ateliers&#8230; BIOME est un nouveau lieu de l\u2019Universit\u00e9 Marie et Louis Pasteur pour d\u00e9couvrir les sciences, rencontrer des chercheurs, s&rsquo;immerger dans des environnements d\u00e9paysants\u2026 ou simplement se promener.\u00a0 \u00c0 [&hellip;]<\/p>\n","protected":false},"author":1,"featured_media":0,"parent":0,"menu_order":0,"comment_status":"closed","ping_status":"closed","template":"","meta":{"footnotes":""},"class_list":["post-615","page","type-page","status-publish","hentry"],"yoast_head":"<!-- This site is optimized with the Yoast SEO plugin v27.3 - https:\/\/yoast.com\/product\/yoast-seo-wordpress\/ -->\n<title>\u00c0 PROPOS - BIOME<\/title>\n<meta name=\"robots\" content=\"index, follow, max-snippet:-1, max-image-preview:large, max-video-preview:-1\" \/>\n<link rel=\"canonical\" href=\"https:\/\/biome-besancon.umlp.fr\/?page_id=615\" \/>\n<meta property=\"og:locale\" content=\"fr_FR\" \/>\n<meta property=\"og:type\" content=\"article\" \/>\n<meta property=\"og:title\" content=\"\u00c0 PROPOS - BIOME\" \/>\n<meta property=\"og:description\" content=\"Jardin | Serre | Fabrika EXPOSITIONS &#8211; VISITES &#8211; ATELIERS Fl\u00e2nez, d\u00e9couvrez, exp\u00e9rimentez sur le Campus de la Bouloie Serre tropicale, parcelles botaniques, espace d\u2019exposition et d&rsquo;ateliers&#8230; BIOME est un nouveau lieu de l\u2019Universit\u00e9 Marie et Louis Pasteur pour d\u00e9couvrir les sciences, rencontrer des chercheurs, s&rsquo;immerger dans des environnements d\u00e9paysants\u2026 ou simplement se promener.\u00a0 \u00c0 [&hellip;]\" \/>\n<meta property=\"og:url\" content=\"https:\/\/biome-besancon.umlp.fr\/?page_id=615\" \/>\n<meta property=\"og:site_name\" content=\"BIOME\" \/>\n<meta property=\"article:modified_time\" content=\"2025-11-19T10:49:39+00:00\" \/>\n<meta name=\"twitter:card\" content=\"summary_large_image\" \/>\n<meta name=\"twitter:label1\" content=\"Dur\u00e9e de lecture estim\u00e9e\" \/>\n\t<meta name=\"twitter:data1\" content=\"1 minute\" \/>\n<script type=\"application\/ld+json\" class=\"yoast-schema-graph\">{\"@context\":\"https:\\\/\\\/schema.org\",\"@graph\":[{\"@type\":\"WebPage\",\"@id\":\"https:\\\/\\\/biome-besancon.umlp.fr\\\/?page_id=615\",\"url\":\"https:\\\/\\\/biome-besancon.umlp.fr\\\/?page_id=615\",\"name\":\"\u00c0 PROPOS - BIOME\",\"isPartOf\":{\"@id\":\"https:\\\/\\\/biome-besancon.umlp.fr\\\/#website\"},\"datePublished\":\"2025-07-07T14:44:47+00:00\",\"dateModified\":\"2025-11-19T10:49:39+00:00\",\"breadcrumb\":{\"@id\":\"https:\\\/\\\/biome-besancon.umlp.fr\\\/?page_id=615#breadcrumb\"},\"inLanguage\":\"fr-FR\",\"potentialAction\":[{\"@type\":\"ReadAction\",\"target\":[\"https:\\\/\\\/biome-besancon.umlp.fr\\\/?page_id=615\"]}]},{\"@type\":\"BreadcrumbList\",\"@id\":\"https:\\\/\\\/biome-besancon.umlp.fr\\\/?page_id=615#breadcrumb\",\"itemListElement\":[{\"@type\":\"ListItem\",\"position\":1,\"name\":\"Accueil\",\"item\":\"https:\\\/\\\/biome-besancon.umlp.fr\\\/\"},{\"@type\":\"ListItem\",\"position\":2,\"name\":\"\u00c0 PROPOS\"}]},{\"@type\":\"WebSite\",\"@id\":\"https:\\\/\\\/biome-besancon.umlp.fr\\\/#website\",\"url\":\"https:\\\/\\\/biome-besancon.umlp.fr\\\/\",\"name\":\"BIOME\",\"description\":\"\",\"publisher\":{\"@id\":\"https:\\\/\\\/biome-besancon.umlp.fr\\\/#organization\"},\"potentialAction\":[{\"@type\":\"SearchAction\",\"target\":{\"@type\":\"EntryPoint\",\"urlTemplate\":\"https:\\\/\\\/biome-besancon.umlp.fr\\\/?s={search_term_string}\"},\"query-input\":{\"@type\":\"PropertyValueSpecification\",\"valueRequired\":true,\"valueName\":\"search_term_string\"}}],\"inLanguage\":\"fr-FR\"},{\"@type\":\"Organization\",\"@id\":\"https:\\\/\\\/biome-besancon.umlp.fr\\\/#organization\",\"name\":\"BIOME\",\"url\":\"https:\\\/\\\/biome-besancon.umlp.fr\\\/\",\"logo\":{\"@type\":\"ImageObject\",\"inLanguage\":\"fr-FR\",\"@id\":\"https:\\\/\\\/biome-besancon.umlp.fr\\\/#\\\/schema\\\/logo\\\/image\\\/\",\"url\":\"https:\\\/\\\/biome-besancon.umlp.fr\\\/wp-content\\\/uploads\\\/2025\\\/07\\\/BIOME-LOGO-BLEU-scaled.png\",\"contentUrl\":\"https:\\\/\\\/biome-besancon.umlp.fr\\\/wp-content\\\/uploads\\\/2025\\\/07\\\/BIOME-LOGO-BLEU-scaled.png\",\"width\":2560,\"height\":755,\"caption\":\"BIOME\"},\"image\":{\"@id\":\"https:\\\/\\\/biome-besancon.umlp.fr\\\/#\\\/schema\\\/logo\\\/image\\\/\"}}]}<\/script>\n<!-- \/ Yoast SEO plugin. -->","yoast_head_json":{"title":"\u00c0 PROPOS - BIOME","robots":{"index":"index","follow":"follow","max-snippet":"max-snippet:-1","max-image-preview":"max-image-preview:large","max-video-preview":"max-video-preview:-1"},"canonical":"https:\/\/biome-besancon.umlp.fr\/?page_id=615","og_locale":"fr_FR","og_type":"article","og_title":"\u00c0 PROPOS - BIOME","og_description":"Jardin | Serre | Fabrika EXPOSITIONS &#8211; VISITES &#8211; ATELIERS Fl\u00e2nez, d\u00e9couvrez, exp\u00e9rimentez sur le Campus de la Bouloie Serre tropicale, parcelles botaniques, espace d\u2019exposition et d&rsquo;ateliers&#8230; BIOME est un nouveau lieu de l\u2019Universit\u00e9 Marie et Louis Pasteur pour d\u00e9couvrir les sciences, rencontrer des chercheurs, s&rsquo;immerger dans des environnements d\u00e9paysants\u2026 ou simplement se promener.\u00a0 \u00c0 [&hellip;]","og_url":"https:\/\/biome-besancon.umlp.fr\/?page_id=615","og_site_name":"BIOME","article_modified_time":"2025-11-19T10:49:39+00:00","twitter_card":"summary_large_image","twitter_misc":{"Dur\u00e9e de lecture estim\u00e9e":"1 minute"},"schema":{"@context":"https:\/\/schema.org","@graph":[{"@type":"WebPage","@id":"https:\/\/biome-besancon.umlp.fr\/?page_id=615","url":"https:\/\/biome-besancon.umlp.fr\/?page_id=615","name":"\u00c0 PROPOS - BIOME","isPartOf":{"@id":"https:\/\/biome-besancon.umlp.fr\/#website"},"datePublished":"2025-07-07T14:44:47+00:00","dateModified":"2025-11-19T10:49:39+00:00","breadcrumb":{"@id":"https:\/\/biome-besancon.umlp.fr\/?page_id=615#breadcrumb"},"inLanguage":"fr-FR","potentialAction":[{"@type":"ReadAction","target":["https:\/\/biome-besancon.umlp.fr\/?page_id=615"]}]},{"@type":"BreadcrumbList","@id":"https:\/\/biome-besancon.umlp.fr\/?page_id=615#breadcrumb","itemListElement":[{"@type":"ListItem","position":1,"name":"Accueil","item":"https:\/\/biome-besancon.umlp.fr\/"},{"@type":"ListItem","position":2,"name":"\u00c0 PROPOS"}]},{"@type":"WebSite","@id":"https:\/\/biome-besancon.umlp.fr\/#website","url":"https:\/\/biome-besancon.umlp.fr\/","name":"BIOME","description":"","publisher":{"@id":"https:\/\/biome-besancon.umlp.fr\/#organization"},"potentialAction":[{"@type":"SearchAction","target":{"@type":"EntryPoint","urlTemplate":"https:\/\/biome-besancon.umlp.fr\/?s={search_term_string}"},"query-input":{"@type":"PropertyValueSpecification","valueRequired":true,"valueName":"search_term_string"}}],"inLanguage":"fr-FR"},{"@type":"Organization","@id":"https:\/\/biome-besancon.umlp.fr\/#organization","name":"BIOME","url":"https:\/\/biome-besancon.umlp.fr\/","logo":{"@type":"ImageObject","inLanguage":"fr-FR","@id":"https:\/\/biome-besancon.umlp.fr\/#\/schema\/logo\/image\/","url":"https:\/\/biome-besancon.umlp.fr\/wp-content\/uploads\/2025\/07\/BIOME-LOGO-BLEU-scaled.png","contentUrl":"https:\/\/biome-besancon.umlp.fr\/wp-content\/uploads\/2025\/07\/BIOME-LOGO-BLEU-scaled.png","width":2560,"height":755,"caption":"BIOME"},"image":{"@id":"https:\/\/biome-besancon.umlp.fr\/#\/schema\/logo\/image\/"}}]}},"publishpress_future_action":{"enabled":false,"date":"2026-05-16 22:45:58","action":"change-status","newStatus":"draft","terms":[],"taxonomy":"","extraData":[]},"publishpress_future_workflow_manual_trigger":{"enabledWorkflows":[]},"_links":{"self":[{"href":"https:\/\/biome-besancon.umlp.fr\/index.php?rest_route=\/wp\/v2\/pages\/615","targetHints":{"allow":["GET"]}}],"collection":[{"href":"https:\/\/biome-besancon.umlp.fr\/index.php?rest_route=\/wp\/v2\/pages"}],"about":[{"href":"https:\/\/biome-besancon.umlp.fr\/index.php?rest_route=\/wp\/v2\/types\/page"}],"author":[{"embeddable":true,"href":"https:\/\/biome-besancon.umlp.fr\/index.php?rest_route=\/wp\/v2\/users\/1"}],"replies":[{"embeddable":true,"href":"https:\/\/biome-besancon.umlp.fr\/index.php?rest_route=%2Fwp%2Fv2%2Fcomments&post=615"}],"version-history":[{"count":178,"href":"https:\/\/biome-besancon.umlp.fr\/index.php?rest_route=\/wp\/v2\/pages\/615\/revisions"}],"predecessor-version":[{"id":2874,"href":"https:\/\/biome-besancon.umlp.fr\/index.php?rest_route=\/wp\/v2\/pages\/615\/revisions\/2874"}],"wp:attachment":[{"href":"https:\/\/biome-besancon.umlp.fr\/index.php?rest_route=%2Fwp%2Fv2%2Fmedia&parent=615"}],"curies":[{"name":"wp","href":"https:\/\/api.w.org\/{rel}","templated":true}]}}